{"id":2675,"date":"2024-05-02T18:10:41","date_gmt":"2024-05-02T15:10:41","guid":{"rendered":"https:\/\/2dscanner.com\/product\/2dscanner-evo\/"},"modified":"2026-04-29T17:27:46","modified_gmt":"2026-04-29T14:27:46","slug":"2dscanner-evo","status":"publish","type":"product","link":"https:\/\/2dscanner.com\/de\/produkt\/2dscanner-evo\/","title":{"rendered":"2DScanner EVO"},"content":{"rendered":"<div class=\"wpb-content-wrapper\">[vc_section full_width=&#8220;stretch_row_content&#8220; css=&#8220;.vc_custom_1695648799232{padding-top: 10vh !important;padding-bottom: 10vh !important;background-color: #f2f3f6 !important;}&#8220; el_id=&#8220;features&#8220;][vc_row thb_full_width=&#8220;true&#8220; el_class=&#8220;align-center&#8220;][vc_column offset=&#8220;vc_col-lg-8 vc_col-md-10&#8243; el_class=&#8220;text-center&#8220;]\t<div id=\"thb-slidetype-69fb6274b8b0d\" class=\"thb-slidetype text-center\" data-style=\"style1\">\n\t\t\n<h3><span class=\"thb-slidetype-entry\"><span class=\"lines\">Blitzschnelle und pr\u00e4zise 2D-Messungen<\/span><\/span><\/h3>\n\t\t\t<\/div>\n\n\t[vc_empty_space height=&#8220;25px&#8220;][\/vc_column][\/vc_row][vc_row css=&#8220;.vc_custom_1714728986459{padding-right: 6vh !important;padding-left: 6vh !important;}&#8220;][vc_column width=&#8220;1\/2&#8243;][vc_column_text]\n<ul>\n<li><strong>Automatischer Scan:<\/strong> Der 2D Scanner startet den Scan automatisch und stoppt nach Abschluss eines vollst\u00e4ndigen Zyklus. W\u00e4hrenddessen kann der Benutzer lediglich den Scan-Schritt steuern und den Vorgang vorzeitig abbrechen. Der Start- und Endpunkt des Scans kann im Voraus festgelegt werden.<\/li>\n<li><strong>Kombinierter Scan:<\/strong> Der Benutzer hat die volle Kontrolle \u00fcber das Ger\u00e4t. Es k\u00f6nnen Bereiche oder einzelne Punkte gescannt, dieselbe Fl\u00e4che erneut erfasst und zwei Scans miteinander kombiniert werden.<\/li>\n<li><strong>Als einfacher Entfernungsmesser nutzbar:<\/strong> Der 2D Scanner kann auch als einfacher Laser-Entfernungsmesser verwendet werden.<\/li>\n<\/ul>\n[\/vc_column_text][\/vc_column][vc_column width=&#8220;1\/2&#8243;][vc_column_text]\n<ul>\n<li><strong>Punktwolke:<\/strong> Die Punktwolke des 2D Scanners besteht aus klar definierten Einzelpunkten und nicht aus zuf\u00e4llig verteilten Messpunkten. Dies sorgt f\u00fcr hohe Genauigkeit und einfache Handhabung. Erkannte Geraden werden in der Anwendung angezeigt und als DXF exportiert.<\/li>\n<li><strong>Scan-Kombination:<\/strong> Der 2D Scanner kann aufeinanderfolgende Scans mithilfe benutzerdefinierter Referenzpunkte kombinieren.<\/li>\n<li><strong>Vertikaler Scan:<\/strong> Ja. Der Scan kann vertikal oder geneigt durchgef\u00fchrt werden. Der 2D Scanner verf\u00fcgt \u00fcber einen hochpr\u00e4zisen Beschleunigungssensor. Horizontale Scans werden automatisch korrigiert, als w\u00e4re das Ger\u00e4t perfekt ausgerichtet. Vertikale oder geneigte Scans werden automatisch erkannt.<\/li>\n<\/ul>\n[\/vc_column_text][\/vc_column][\/vc_row][\/vc_section][vc_section full_width=&#8220;stretch_row&#8220; css=&#8220;.vc_custom_1695649014080{padding-top: 10vh !important;padding-bottom: 10vh !important;}&#8220;][vc_row thb_full_width=&#8220;true&#8220; thb_row_padding=&#8220;true&#8220; thb_column_padding=&#8220;true&#8220; css=&#8220;.vc_custom_1695648650294{padding-top: 100px !important;padding-bottom: 100px !important;}&#8220;][vc_column][vc_row_inner][vc_column_inner el_class=&#8220;text-center&#8220;]\t<div id=\"thb-slidetype-69fb6274b8b60\" class=\"thb-slidetype \" data-style=\"style1\">\n\t\t\n<h3><span class=\"thb-slidetype-entry\"><span class=\"lines\">Warum 2D Scanner w\u00e4hlen<\/span><\/span><\/h3>\n\t\t\t\t<style>\n\t\t\t#thb-slidetype-69fb6274b8b60 .thb-slidetype-entry {\n\t\t\t\tcolor: #000000;\n\t\t\t}\n\t\t<\/style>\n\t\t\t<\/div>\n\n\t[vc_column_text css=&#8220;&#8220;]<span style=\"color: #121212; font-size: 20px;\">Die intelligente L\u00f6sung f\u00fcr Laser\u00admessungen und Innenraum-Scanning.<\/span>[\/vc_column_text][\/vc_column_inner][\/vc_row_inner][vc_row_inner css=&#8220;.vc_custom_1594930308169{padding-bottom: 60px !important;}&#8220;][vc_column_inner width=&#8220;1\/4&#8243;]\t<div id=\"thb-iconbox-69fb6274b8baf\" class=\"thb-iconbox top type8  has-img  text-left animation-true\" href=\"\" target=\"_self\" data-animation_speed=\"1.5\">\n\t\t\t\t<figure>\n\t\t\t\t\t\t\t<div class=\"iconbox-image\">\n\t\t\t\t\t<img loading=\"lazy\" decoding=\"async\" width=\"194\" height=\"172\" src=\"image\/gif;base64,R0lGODlhAQABAAAAACH5BAEKAAEALAAAAAABAAEAAAICTAEAOw==\" class=\"thb_image retina_size attachment-full thb-lazyload lazyload\" alt=\"\" title=\"icon2\" data-src=\"https:\/\/2dscanner.com\/wp-content\/uploads\/2020\/07\/icon2.png\" data-sizes=\"auto\" data-srcset=\"https:\/\/2dscanner.com\/wp-content\/uploads\/2020\/07\/icon2.png 194w, https:\/\/2dscanner.com\/wp-content\/uploads\/2020\/07\/icon2-20x18.png 20w, https:\/\/2dscanner.com\/wp-content\/uploads\/2020\/07\/icon2-190x168.png 190w\" \/>\t\t\t\t\t\t\t\t\t<\/div>\n\t\t\t\t\t\t\t\t\t\t\t\t<\/figure>\n\t\t\t\t<div class=\"iconbox-content\">\n\t\t\t\t\t\t\t<h5>Zeit und Kosten sparen<\/h5>\t\t\t<p>Attraktiver Preis. Keine Wartungskosten. Weniger Zeitaufwand vor Ort.<\/p>\n\t\t\t\t\t<\/div>\n\t\t<style>\n\t\t\t\t\t\t\t\t\t\t\t\t\t\t\t\t\t\t\t\t\t\t\t\t\/* Hover *\/\n\t\t\t\t\t\t\t\t\t#thb-iconbox-69fb6274b8baf.thb-iconbox:hover .iconbox-content h5,\n\t\t\t#thb-iconbox-69fb6274b8baf.thb-iconbox figure h5 {\n\t\t\t\tcolor: #ff431c;\n\t\t\t}\n\t\t\t\t\t\t\t\t<\/style>\n\t<\/div>\n\t[vc_empty_space mobile_height=&#8220;20px&#8220; height=&#8220;42px&#8220;][\/vc_column_inner][vc_column_inner width=&#8220;1\/4&#8243;]\t<div id=\"thb-iconbox-69fb6274b93f2\" class=\"thb-iconbox top type8  has-img  text-left animation-true\" href=\"\" target=\"_self\" data-animation_speed=\"1.5\">\n\t\t\t\t<figure>\n\t\t\t\t\t\t\t<div class=\"iconbox-image\">\n\t\t\t\t\t<img loading=\"lazy\" decoding=\"async\" width=\"194\" height=\"172\" src=\"image\/gif;base64,R0lGODlhAQABAAAAACH5BAEKAAEALAAAAAABAAEAAAICTAEAOw==\" class=\"thb_image retina_size attachment-full thb-lazyload lazyload\" alt=\"\" title=\"icon1-2\" data-src=\"https:\/\/2dscanner.com\/wp-content\/uploads\/2020\/07\/icon1-2.png\" data-sizes=\"auto\" data-srcset=\"https:\/\/2dscanner.com\/wp-content\/uploads\/2020\/07\/icon1-2.png 194w, https:\/\/2dscanner.com\/wp-content\/uploads\/2020\/07\/icon1-2-20x18.png 20w, https:\/\/2dscanner.com\/wp-content\/uploads\/2020\/07\/icon1-2-190x168.png 190w\" \/>\t\t\t\t\t\t\t\t\t<\/div>\n\t\t\t\t\t\t\t\t\t\t\t\t<\/figure>\n\t\t\t\t<div class=\"iconbox-content\">\n\t\t\t\t\t\t\t<h5>Pr\u00e4zise Messungen<\/h5>\t\t\t<p>Keine Messung mehr verpassen und teure Fehler vermeiden.<\/p>\n\t\t\t\t\t<\/div>\n\t\t<style>\n\t\t\t\t\t\t\t\t\t\t\t\t\t\t\t\t\t\t\t\t\t\t\t\t\/* Hover *\/\n\t\t\t\t\t\t\t\t\t#thb-iconbox-69fb6274b93f2.thb-iconbox:hover .iconbox-content h5,\n\t\t\t#thb-iconbox-69fb6274b93f2.thb-iconbox figure h5 {\n\t\t\t\tcolor: #ff431c;\n\t\t\t}\n\t\t\t\t\t\t\t\t<\/style>\n\t<\/div>\n\t[vc_empty_space mobile_height=&#8220;20px&#8220; height=&#8220;42px&#8220;][\/vc_column_inner][vc_column_inner width=&#8220;1\/4&#8243;]\t<div id=\"thb-iconbox-69fb6274b9926\" class=\"thb-iconbox top type8  has-img  text-left animation-true\" href=\"\" target=\"_self\" data-animation_speed=\"1.5\">\n\t\t\t\t<figure>\n\t\t\t\t\t\t\t<div class=\"iconbox-image\">\n\t\t\t\t\t<img loading=\"lazy\" decoding=\"async\" width=\"194\" height=\"172\" src=\"image\/gif;base64,R0lGODlhAQABAAAAACH5BAEKAAEALAAAAAABAAEAAAICTAEAOw==\" class=\"thb_image retina_size attachment-full thb-lazyload lazyload\" alt=\"\" title=\"icon4\" data-src=\"https:\/\/2dscanner.com\/wp-content\/uploads\/2020\/07\/icon4.png\" data-sizes=\"auto\" data-srcset=\"https:\/\/2dscanner.com\/wp-content\/uploads\/2020\/07\/icon4.png 194w, https:\/\/2dscanner.com\/wp-content\/uploads\/2020\/07\/icon4-20x18.png 20w, https:\/\/2dscanner.com\/wp-content\/uploads\/2020\/07\/icon4-190x168.png 190w\" \/>\t\t\t\t\t\t\t\t\t<\/div>\n\t\t\t\t\t\t\t\t\t\t\t\t<\/figure>\n\t\t\t\t<div class=\"iconbox-content\">\n\t\t\t\t\t\t\t<h5>Einfache Bedienung<\/h5>\t\t\t<p>Kompakt und mobil. Leicht zu transportieren. Schnelle Einrichtung direkt vor Ort.<\/p>\n\t\t\t\t\t<\/div>\n\t\t<style>\n\t\t\t\t\t\t\t\t\t\t\t\t\t\t\t\t\t\t\t\t\t\t\t\t\/* Hover *\/\n\t\t\t\t\t\t\t\t\t#thb-iconbox-69fb6274b9926.thb-iconbox:hover .iconbox-content h5,\n\t\t\t#thb-iconbox-69fb6274b9926.thb-iconbox figure h5 {\n\t\t\t\tcolor: #ff431c;\n\t\t\t}\n\t\t\t\t\t\t\t\t<\/style>\n\t<\/div>\n\t[vc_empty_space mobile_height=&#8220;20px&#8220; height=&#8220;42px&#8220;][\/vc_column_inner][vc_column_inner width=&#8220;1\/4&#8243;]\t<div id=\"thb-iconbox-69fb6274b9da7\" class=\"thb-iconbox top type8  has-img  text-left animation-true\" href=\"\" target=\"_self\" data-animation_speed=\"1.5\">\n\t\t\t\t<figure>\n\t\t\t\t\t\t\t<div class=\"iconbox-image\">\n\t\t\t\t\t<img loading=\"lazy\" decoding=\"async\" width=\"194\" height=\"172\" src=\"image\/gif;base64,R0lGODlhAQABAAAAACH5BAEKAAEALAAAAAABAAEAAAICTAEAOw==\" class=\"thb_image retina_size attachment-full thb-lazyload lazyload\" alt=\"\" title=\"icon3\" data-src=\"https:\/\/2dscanner.com\/wp-content\/uploads\/2020\/07\/icon3.png\" data-sizes=\"auto\" data-srcset=\"https:\/\/2dscanner.com\/wp-content\/uploads\/2020\/07\/icon3.png 194w, https:\/\/2dscanner.com\/wp-content\/uploads\/2020\/07\/icon3-20x18.png 20w, https:\/\/2dscanner.com\/wp-content\/uploads\/2020\/07\/icon3-190x168.png 190w\" \/>\t\t\t\t\t\t\t\t\t<\/div>\n\t\t\t\t\t\t\t\t\t\t\t\t<\/figure>\n\t\t\t\t<div class=\"iconbox-content\">\n\t\t\t\t\t\t\t<h5>Mobile App<\/h5>\t\t\t<p>Export von Messdaten als DXF- und TXT-Dateien f\u00fcr jede CAD-Software.<\/p>\n\t\t\t\t\t<\/div>\n\t\t<style>\n\t\t\t\t\t\t\t\t\t\t\t\t\t\t\t\t\t\t\t\t\t\t\t\t\/* Hover *\/\n\t\t\t\t\t\t\t\t\t#thb-iconbox-69fb6274b9da7.thb-iconbox:hover .iconbox-content h5,\n\t\t\t#thb-iconbox-69fb6274b9da7.thb-iconbox figure h5 {\n\t\t\t\tcolor: #ff431c;\n\t\t\t}\n\t\t\t\t\t\t\t\t<\/style>\n\t<\/div>\n\t[vc_empty_space mobile_height=&#8220;20px&#8220; height=&#8220;42px&#8220;][\/vc_column_inner][\/vc_row_inner][vc_row_inner thb_column_padding=&#8220;true&#8220;][vc_column_inner el_class=&#8220;text-center&#8220;]\t<div id=\"thb-slidetype-69fb6274ba1e2\" class=\"thb-slidetype \" data-style=\"style1\">\n\t\t\n<h3><span class=\"thb-slidetype-entry\"><span class=\"lines\">Ideal geeignet f\u00fcr<\/span><\/span><\/h3>\n\t\t\t\t<style>\n\t\t\t#thb-slidetype-69fb6274ba1e2 .thb-slidetype-entry {\n\t\t\t\tcolor: #000000;\n\t\t\t}\n\t\t<\/style>\n\t\t\t<\/div>\n\n\t\t<div id=\"thb-freescroll-35\" class=\"thb-freescroll free-scroll-center regular-padding thb-adaptive-height thb-freescroll-text   \" data-direction=\"thb-right-to-left\" data-pause=\"\">\n\t\t\t\t\t\t<div class=\"small-12 columns text-content\">\n\t\t\t\t\n<h4>Architekten, Ingenieure, Innenarchitekten, Wohn- und Gewerbebau, Hersteller von Glasfl\u00e4chen, M\u00f6belhersteller sowie Anbieter von Sonderkonstruktionen.<\/h4>\n\t\t\t\t<\/div>\n\t\t<div class=\"small-12 columns text-content\">\n\t\t\t\t\n<h4>Architekten, Ingenieure, Innenarchitekten, Wohn- und Gewerbebau, Hersteller von Glasfl\u00e4chen, M\u00f6belhersteller sowie Anbieter von Sonderkonstruktionen.<\/h4>\n\t\t\t\t<\/div>\n\t\t\t\t\t<\/div>\n\t[vc_empty_space mobile_height=&#8220;15px&#8220; height=&#8220;15px&#8220;]\t<a id=\"thb-button-69fb6274bad8b\" class=\"btn style2 small  accent pill-radius    arrow-enabled\" href=\"https:\/\/2dscanner.com\/about\/\" target=\"_self\" role=\"button\">\n\t\t\t\t\t<span>MEHR ERFAHREN<\/span>\n\t<svg xmlns=\"http:\/\/www.w3.org\/2000\/svg\" xmlns:xlink=\"http:\/\/www.w3.org\/1999\/xlink\" x=\"0px\" y=\"0px\"\r\n\t width=\"30px\" height=\"18px\" viewBox=\"0 0 30 18\" enable-background=\"new 0 0 30 18\" xml:space=\"preserve\">\r\n<path class=\"handle\" d=\"M20.305,16.212c-0.407,0.409-0.407,1.071,0,1.479s1.068,0.408,1.476,0l7.914-7.952c0.408-0.409,0.408-1.071,0-1.481\r\n\tl-7.914-7.952c-0.407-0.409-1.068-0.409-1.476,0s-0.407,1.071,0,1.48l7.185,7.221L20.305,16.212z\"\/>\r\n<path class=\"bar\" fill-rule=\"evenodd\" clip-rule=\"evenodd\" d=\"M1,8h28.001c0.551,0,1,0.448,1,1c0,0.553-0.449,1-1,1H1c-0.553,0-1-0.447-1-1\r\n\tC0,8.448,0.447,8,1,8z\"\/>\r\n<\/svg>\r\n\t\t<\/a>\n\t\t[\/vc_column_inner][\/vc_row_inner][\/vc_column][\/vc_row][\/vc_section]\n<\/div>","protected":false},"excerpt":{"rendered":"<p><!-- Google tag (gtag.js) --><\/p>\n<p><span style=\"font-weight: 400;\">Der 2D-Scanner ist ein Ger\u00e4t zur Vermessung von Innenr\u00e4umen. Er dreht sich in einer XY-Ebene und misst Winkel und Entfernung. Die extrahierten Punkte werden automatisch von der intelligenten Anwendung in Echtzeit verarbeitet  <\/span><span style=\"font-weight: 400;\">Zeit. W\u00e4hrend des Laserscannens hat der Benutzer die volle Kontrolle \u00fcber das Ger\u00e4t. Das Endergebnis ist eine DXF-Datei, die mit allen CAD-Softwareprogrammen bearbeitet werden kann. Auch CSV- und TXT-Dateien werden exportiert.  <\/span><\/p>\n[video width=\"960\" height=\"540\" mp4=\"https:\/\/2dscanner.com\/wp-content\/uploads\/2026\/02\/2Dscanner-laser-promo.mp4\"][\/video]\n<p>Der 2Dscanner EVO kann auf jedem leichten Kamerastativ mit 1\/4-Zoll-Schraube montiert werden. Unser Stativ ist speziell f\u00fcr den 2Dscanner optimiert und bietet maximale Stabilit\u00e4t w\u00e4hrend des Gebrauchs.<br data-start=\"169\" data-end=\"172\">Sein drehbarer Mitteltr\u00e4ger erm\u00f6glicht m\u00fchelose vertikale Scans, ohne dass die Beine Ihre Messungen beeintr\u00e4chtigen. <\/p>\n<p><span style=\"font-weight: 400;\">Der Preis enth\u00e4lt keine Mehrwertsteuer. Wenn Sie ein Gewerbetreibender in der EU sind, ist die Transaktion mehrwertsteuerfrei. Der Versand ist weltweit kostenlos. Wenn Sie sich au\u00dferhalb der EU befinden, kontaktieren Sie uns bitte per E-Mail.<br \/>\n<\/span><\/p>\n<p>-2 Jahre Garantie<\/p>\n<p>-2 Wochen Geld-zur\u00fcck-Garantie<\/p>\n<p>-Lieferung in 2 Werktagen mit DHL Express. (Lieferung innerhalb von 7 Tagen in Kombination mit dem Stativ.) <\/p>\n<p>-Android-, iOS- und Windows-Software sind im Preis inbegriffen.<\/p>\n<p>-Einmal zahlen, f\u00fcr immer scannen. Keine Abonnements oder zus\u00e4tzliche Kosten.<\/p>\n<p>&nbsp;<\/p>\n","protected":false},"featured_media":3064,"comment_status":"closed","ping_status":"closed","template":"","meta":[],"product_brand":[],"product_cat":[185],"product_tag":[],"class_list":{"0":"post-2675","1":"product","2":"type-product","3":"status-publish","4":"has-post-thumbnail","6":"product_cat-2d-scanner-de","8":"first","9":"instock","10":"taxable","11":"shipping-taxable","12":"purchasable","13":"product-type-simple"},"yoast_head":"<!-- This site is optimized with the Yoast SEO Premium plugin v25.9 (Yoast SEO v27.0) - https:\/\/yoast.com\/product\/yoast-seo-premium-wordpress\/ -->\n<title>2DScanner EVO - 2D Scanner<\/title>\n<meta name=\"description\" content=\"2D Laser Scanner f\u00fcr Innenr\u00e4ume - das perfekte Werkzeug f\u00fcr Architekten, Bauingenieure, Vermessungsingenieure, Schreiner und andere Fachleute, die pr\u00e4zise Messungen ben\u00f6tigen. Verpassen Sie nie etwas. Einmal bezahlen, f\u00fcr immer scannen.\" \/>\n<meta name=\"robots\" content=\"index, follow, max-snippet:-1, max-image-preview:large, max-video-preview:-1\" \/>\n<link rel=\"canonical\" href=\"https:\/\/2dscanner.com\/de\/produkt\/2dscanner-evo\/\" \/>\n<meta property=\"og:locale\" content=\"de_DE\" \/>\n<meta property=\"og:type\" content=\"article\" \/>\n<meta property=\"og:title\" content=\"2DScanner EVO\" \/>\n<meta property=\"og:description\" content=\"2D Laser Scanner f\u00fcr Innenr\u00e4ume - das perfekte Werkzeug f\u00fcr Architekten, Bauingenieure, Vermessungsingenieure, Schreiner und andere Fachleute, die pr\u00e4zise Messungen ben\u00f6tigen. Verpassen Sie nie etwas. Einmal bezahlen, f\u00fcr immer scannen.\" \/>\n<meta property=\"og:url\" content=\"https:\/\/2dscanner.com\/de\/produkt\/2dscanner-evo\/\" \/>\n<meta property=\"og:site_name\" content=\"2D Scanner\" \/>\n<meta property=\"article:publisher\" content=\"https:\/\/www.facebook.com\/2dscanner\/\" \/>\n<meta property=\"article:modified_time\" content=\"2026-04-29T14:27:46+00:00\" \/>\n<meta property=\"og:image\" content=\"https:\/\/2dscanner.com\/wp-content\/uploads\/2024\/06\/2D-Scanner-EVO-prod4_wht.png\" \/>\n\t<meta property=\"og:image:width\" content=\"2000\" \/>\n\t<meta property=\"og:image:height\" content=\"2000\" \/>\n\t<meta property=\"og:image:type\" content=\"image\/png\" \/>\n<meta name=\"twitter:card\" content=\"summary_large_image\" \/>\n<meta name=\"twitter:label1\" content=\"Gesch\u00e4tzte Lesezeit\" \/>\n\t<meta name=\"twitter:data1\" content=\"2\u00a0Minuten\" \/>\n<script type=\"application\/ld+json\" class=\"yoast-schema-graph\">{\"@context\":\"https:\/\/schema.org\",\"@graph\":[{\"@type\":\"WebPage\",\"@id\":\"https:\/\/2dscanner.com\/de\/produkt\/2dscanner-evo\/\",\"url\":\"https:\/\/2dscanner.com\/de\/produkt\/2dscanner-evo\/\",\"name\":\"2DScanner EVO - 2D Scanner\",\"isPartOf\":{\"@id\":\"https:\/\/2dscanner.com\/de\/#website\"},\"primaryImageOfPage\":{\"@id\":\"https:\/\/2dscanner.com\/de\/produkt\/2dscanner-evo\/#primaryimage\"},\"image\":{\"@id\":\"https:\/\/2dscanner.com\/de\/produkt\/2dscanner-evo\/#primaryimage\"},\"thumbnailUrl\":\"https:\/\/2dscanner.com\/wp-content\/uploads\/2024\/06\/2D-Scanner-EVO-prod4_wht.png\",\"datePublished\":\"2024-05-02T15:10:41+00:00\",\"dateModified\":\"2026-04-29T14:27:46+00:00\",\"description\":\"2D Laser Scanner f\u00fcr Innenr\u00e4ume - das perfekte Werkzeug f\u00fcr Architekten, Bauingenieure, Vermessungsingenieure, Schreiner und andere Fachleute, die pr\u00e4zise Messungen ben\u00f6tigen. Verpassen Sie nie etwas. Einmal bezahlen, f\u00fcr immer scannen.\",\"breadcrumb\":{\"@id\":\"https:\/\/2dscanner.com\/de\/produkt\/2dscanner-evo\/#breadcrumb\"},\"inLanguage\":\"de\",\"potentialAction\":[{\"@type\":\"ReadAction\",\"target\":[\"https:\/\/2dscanner.com\/de\/produkt\/2dscanner-evo\/\"]}]},{\"@type\":\"ImageObject\",\"inLanguage\":\"de\",\"@id\":\"https:\/\/2dscanner.com\/de\/produkt\/2dscanner-evo\/#primaryimage\",\"url\":\"https:\/\/2dscanner.com\/wp-content\/uploads\/2024\/06\/2D-Scanner-EVO-prod4_wht.png\",\"contentUrl\":\"https:\/\/2dscanner.com\/wp-content\/uploads\/2024\/06\/2D-Scanner-EVO-prod4_wht.png\",\"width\":2000,\"height\":2000,\"caption\":\"2D-Scanner EVO Laser\"},{\"@type\":\"BreadcrumbList\",\"@id\":\"https:\/\/2dscanner.com\/de\/produkt\/2dscanner-evo\/#breadcrumb\",\"itemListElement\":[{\"@type\":\"ListItem\",\"position\":1,\"name\":\"Home\",\"item\":\"https:\/\/2dscanner.com\/de\/\"},{\"@type\":\"ListItem\",\"position\":2,\"name\":\"Shop\",\"item\":\"https:\/\/2dscanner.com\/de\/shop-2\/\"},{\"@type\":\"ListItem\",\"position\":3,\"name\":\"2DScanner EVO\"}]},{\"@type\":\"WebSite\",\"@id\":\"https:\/\/2dscanner.com\/de\/#website\",\"url\":\"https:\/\/2dscanner.com\/de\/\",\"name\":\"2D Scanner\",\"description\":\"Blitzschnelle, genaue 2D-Messungen\",\"publisher\":{\"@id\":\"https:\/\/2dscanner.com\/de\/#organization\"},\"potentialAction\":[{\"@type\":\"SearchAction\",\"target\":{\"@type\":\"EntryPoint\",\"urlTemplate\":\"https:\/\/2dscanner.com\/de\/?s={search_term_string}\"},\"query-input\":{\"@type\":\"PropertyValueSpecification\",\"valueRequired\":true,\"valueName\":\"search_term_string\"}}],\"inLanguage\":\"de\"},{\"@type\":\"Organization\",\"@id\":\"https:\/\/2dscanner.com\/de\/#organization\",\"name\":\"2D Scanner\",\"url\":\"https:\/\/2dscanner.com\/de\/\",\"logo\":{\"@type\":\"ImageObject\",\"inLanguage\":\"de\",\"@id\":\"https:\/\/2dscanner.com\/de\/#\/schema\/logo\/image\/\",\"url\":\"https:\/\/2dscanner.com\/wp-content\/uploads\/2020\/06\/2DS-logo-blk.png\",\"contentUrl\":\"https:\/\/2dscanner.com\/wp-content\/uploads\/2020\/06\/2DS-logo-blk.png\",\"width\":248,\"height\":69,\"caption\":\"2D Scanner\"},\"image\":{\"@id\":\"https:\/\/2dscanner.com\/de\/#\/schema\/logo\/image\/\"},\"sameAs\":[\"https:\/\/www.facebook.com\/2dscanner\/\",\"https:\/\/www.linkedin.com\/company\/2dscanner\/\",\"https:\/\/www.tiktok.com\/@2d_scanner\",\"https:\/\/www.instagram.com\/2dscanner\/\"]}]}<\/script>\n<!-- \/ Yoast SEO Premium plugin. -->","yoast_head_json":{"title":"2DScanner EVO - 2D Scanner","description":"2D Laser Scanner f\u00fcr Innenr\u00e4ume - das perfekte Werkzeug f\u00fcr Architekten, Bauingenieure, Vermessungsingenieure, Schreiner und andere Fachleute, die pr\u00e4zise Messungen ben\u00f6tigen. Verpassen Sie nie etwas. Einmal bezahlen, f\u00fcr immer scannen.","robots":{"index":"index","follow":"follow","max-snippet":"max-snippet:-1","max-image-preview":"max-image-preview:large","max-video-preview":"max-video-preview:-1"},"canonical":"https:\/\/2dscanner.com\/de\/produkt\/2dscanner-evo\/","og_locale":"de_DE","og_type":"article","og_title":"2DScanner EVO","og_description":"2D Laser Scanner f\u00fcr Innenr\u00e4ume - das perfekte Werkzeug f\u00fcr Architekten, Bauingenieure, Vermessungsingenieure, Schreiner und andere Fachleute, die pr\u00e4zise Messungen ben\u00f6tigen. Verpassen Sie nie etwas. Einmal bezahlen, f\u00fcr immer scannen.","og_url":"https:\/\/2dscanner.com\/de\/produkt\/2dscanner-evo\/","og_site_name":"2D Scanner","article_publisher":"https:\/\/www.facebook.com\/2dscanner\/","article_modified_time":"2026-04-29T14:27:46+00:00","og_image":[{"width":2000,"height":2000,"url":"https:\/\/2dscanner.com\/wp-content\/uploads\/2024\/06\/2D-Scanner-EVO-prod4_wht.png","type":"image\/png"}],"twitter_card":"summary_large_image","twitter_misc":{"Gesch\u00e4tzte Lesezeit":"2\u00a0Minuten"},"schema":{"@context":"https:\/\/schema.org","@graph":[{"@type":"WebPage","@id":"https:\/\/2dscanner.com\/de\/produkt\/2dscanner-evo\/","url":"https:\/\/2dscanner.com\/de\/produkt\/2dscanner-evo\/","name":"2DScanner EVO - 2D Scanner","isPartOf":{"@id":"https:\/\/2dscanner.com\/de\/#website"},"primaryImageOfPage":{"@id":"https:\/\/2dscanner.com\/de\/produkt\/2dscanner-evo\/#primaryimage"},"image":{"@id":"https:\/\/2dscanner.com\/de\/produkt\/2dscanner-evo\/#primaryimage"},"thumbnailUrl":"https:\/\/2dscanner.com\/wp-content\/uploads\/2024\/06\/2D-Scanner-EVO-prod4_wht.png","datePublished":"2024-05-02T15:10:41+00:00","dateModified":"2026-04-29T14:27:46+00:00","description":"2D Laser Scanner f\u00fcr Innenr\u00e4ume - das perfekte Werkzeug f\u00fcr Architekten, Bauingenieure, Vermessungsingenieure, Schreiner und andere Fachleute, die pr\u00e4zise Messungen ben\u00f6tigen. Verpassen Sie nie etwas. Einmal bezahlen, f\u00fcr immer scannen.","breadcrumb":{"@id":"https:\/\/2dscanner.com\/de\/produkt\/2dscanner-evo\/#breadcrumb"},"inLanguage":"de","potentialAction":[{"@type":"ReadAction","target":["https:\/\/2dscanner.com\/de\/produkt\/2dscanner-evo\/"]}]},{"@type":"ImageObject","inLanguage":"de","@id":"https:\/\/2dscanner.com\/de\/produkt\/2dscanner-evo\/#primaryimage","url":"https:\/\/2dscanner.com\/wp-content\/uploads\/2024\/06\/2D-Scanner-EVO-prod4_wht.png","contentUrl":"https:\/\/2dscanner.com\/wp-content\/uploads\/2024\/06\/2D-Scanner-EVO-prod4_wht.png","width":2000,"height":2000,"caption":"2D-Scanner EVO Laser"},{"@type":"BreadcrumbList","@id":"https:\/\/2dscanner.com\/de\/produkt\/2dscanner-evo\/#breadcrumb","itemListElement":[{"@type":"ListItem","position":1,"name":"Home","item":"https:\/\/2dscanner.com\/de\/"},{"@type":"ListItem","position":2,"name":"Shop","item":"https:\/\/2dscanner.com\/de\/shop-2\/"},{"@type":"ListItem","position":3,"name":"2DScanner EVO"}]},{"@type":"WebSite","@id":"https:\/\/2dscanner.com\/de\/#website","url":"https:\/\/2dscanner.com\/de\/","name":"2D Scanner","description":"Blitzschnelle, genaue 2D-Messungen","publisher":{"@id":"https:\/\/2dscanner.com\/de\/#organization"},"potentialAction":[{"@type":"SearchAction","target":{"@type":"EntryPoint","urlTemplate":"https:\/\/2dscanner.com\/de\/?s={search_term_string}"},"query-input":{"@type":"PropertyValueSpecification","valueRequired":true,"valueName":"search_term_string"}}],"inLanguage":"de"},{"@type":"Organization","@id":"https:\/\/2dscanner.com\/de\/#organization","name":"2D Scanner","url":"https:\/\/2dscanner.com\/de\/","logo":{"@type":"ImageObject","inLanguage":"de","@id":"https:\/\/2dscanner.com\/de\/#\/schema\/logo\/image\/","url":"https:\/\/2dscanner.com\/wp-content\/uploads\/2020\/06\/2DS-logo-blk.png","contentUrl":"https:\/\/2dscanner.com\/wp-content\/uploads\/2020\/06\/2DS-logo-blk.png","width":248,"height":69,"caption":"2D Scanner"},"image":{"@id":"https:\/\/2dscanner.com\/de\/#\/schema\/logo\/image\/"},"sameAs":["https:\/\/www.facebook.com\/2dscanner\/","https:\/\/www.linkedin.com\/company\/2dscanner\/","https:\/\/www.tiktok.com\/@2d_scanner","https:\/\/www.instagram.com\/2dscanner\/"]}]}},"_links":{"self":[{"href":"https:\/\/2dscanner.com\/de\/wp-json\/wp\/v2\/product\/2675","targetHints":{"allow":["GET"]}}],"collection":[{"href":"https:\/\/2dscanner.com\/de\/wp-json\/wp\/v2\/product"}],"about":[{"href":"https:\/\/2dscanner.com\/de\/wp-json\/wp\/v2\/types\/product"}],"replies":[{"embeddable":true,"href":"https:\/\/2dscanner.com\/de\/wp-json\/wp\/v2\/comments?post=2675"}],"wp:featuredmedia":[{"embeddable":true,"href":"https:\/\/2dscanner.com\/de\/wp-json\/wp\/v2\/media\/3064"}],"wp:attachment":[{"href":"https:\/\/2dscanner.com\/de\/wp-json\/wp\/v2\/media?parent=2675"}],"wp:term":[{"taxonomy":"product_brand","embeddable":true,"href":"https:\/\/2dscanner.com\/de\/wp-json\/wp\/v2\/product_brand?post=2675"},{"taxonomy":"product_cat","embeddable":true,"href":"https:\/\/2dscanner.com\/de\/wp-json\/wp\/v2\/product_cat?post=2675"},{"taxonomy":"product_tag","embeddable":true,"href":"https:\/\/2dscanner.com\/de\/wp-json\/wp\/v2\/product_tag?post=2675"}],"curies":[{"name":"wp","href":"https:\/\/api.w.org\/{rel}","templated":true}]}}