{"id":5346,"date":"2025-04-18T10:40:26","date_gmt":"2025-04-18T07:40:26","guid":{"rendered":"https:\/\/2dscanner.com\/404-page\/"},"modified":"2025-04-18T10:40:26","modified_gmt":"2025-04-18T07:40:26","slug":"404-page","status":"publish","type":"page","link":"https:\/\/2dscanner.com\/fr\/404-page\/","title":{"rendered":"404 Page"},"content":{"rendered":"<div class=\"custom-404\" style=\"text-align: center; padding: 100px 20px; max-width: 700px; margin: 0 auto;\">\n<h1 style=\"font-size: 72px; margin-bottom: 20px;\">404 &#8211; Page non trouv\u00e9e<\/h1>\n<p style=\"font-size: 20px; margin-bottom: 10px;\">\n  D\u00e9sol\u00e9, la page que vous recherchez n&rsquo;existe pas ou a \u00e9t\u00e9 d\u00e9plac\u00e9e.\n  <\/p>\n<p style=\"font-size: 18px; margin-bottom: 30px;\">\n  Essayez l&rsquo;un des liens ci-dessous pour vous remettre sur les rails :\n  <\/p>\n<ul style=\"list-style: none; padding: 0; font-size: 18px; line-height: 2;\">\n<li><a href=\"\/\">\ud83c\udfe0 Accueil<\/a><\/li>\n<li><a href=\"\/shop\">\ud83d\uded2 Boutique<\/a><\/li>\n<li><a href=\"https:\/\/2dscanner.com\/fr\/faq\/\">\u2753 FAQ<\/a><\/li>\n<li><a href=\"https:\/\/2dscanner.com\/fr\/contact\/\">\ud83d\udcec Contact<\/a><\/li>\n<\/ul>\n<p>  <a href=\"\/\" style=\"margin-top: 30px; display: inline-block; padding: 12px 30px; background: #000; color: #fff; border-radius: 30px; text-decoration: none;\"><br \/>\n  \ud83d\udd19 Retour \u00e0 la page d&rsquo;accueil<br \/>\n  <\/a>\n<\/div>\n","protected":false},"excerpt":{"rendered":"<p>404 &#8211; Page non trouv\u00e9e D\u00e9sol\u00e9, la page que vous recherchez n&rsquo;existe pas ou a \u00e9t\u00e9 d\u00e9plac\u00e9e. Essayez l&rsquo;un des liens ci-dessous pour vous remettre sur les rails : \ud83c\udfe0 Accueil \ud83d\uded2 Boutique \u2753 FAQ \ud83d\udcec Contact \ud83d\udd19 Retour \u00e0 la page d&rsquo;accueil<\/p>\n","protected":false},"author":2,"featured_media":5338,"parent":0,"menu_order":0,"comment_status":"closed","ping_status":"closed","template":"","meta":{"footnotes":""},"class_list":["post-5346","page","type-page","status-publish","has-post-thumbnail","hentry"],"yoast_head":"<!-- This site is optimized with the Yoast SEO Premium plugin v25.9 (Yoast SEO v27.0) - https:\/\/yoast.com\/product\/yoast-seo-premium-wordpress\/ -->\n<title>404 Page - 2D Scanner<\/title>\n<meta name=\"robots\" content=\"index, follow, max-snippet:-1, max-image-preview:large, max-video-preview:-1\" \/>\n<link rel=\"canonical\" href=\"https:\/\/2dscanner.com\/fr\/404-page\/\" \/>\n<meta property=\"og:locale\" content=\"fr_FR\" \/>\n<meta property=\"og:type\" content=\"article\" \/>\n<meta property=\"og:title\" content=\"404 Page\" \/>\n<meta property=\"og:description\" content=\"404 &#8211; Page non trouv\u00e9e D\u00e9sol\u00e9, la page que vous recherchez n&rsquo;existe pas ou a \u00e9t\u00e9 d\u00e9plac\u00e9e. Essayez l&rsquo;un des liens ci-dessous pour vous remettre sur les rails : \ud83c\udfe0 Accueil \ud83d\uded2 Boutique \u2753 FAQ \ud83d\udcec Contact \ud83d\udd19 Retour \u00e0 la page d&rsquo;accueil\" \/>\n<meta property=\"og:url\" content=\"https:\/\/2dscanner.com\/fr\/404-page\/\" \/>\n<meta property=\"og:site_name\" content=\"2D Scanner\" \/>\n<meta property=\"article:publisher\" content=\"https:\/\/www.facebook.com\/2dscanner\/\" \/>\n<meta property=\"og:image\" content=\"https:\/\/2dscanner.com\/wp-content\/uploads\/2024\/05\/2D-Scanner-EVO-prod1-alt.jpg\" \/>\n\t<meta property=\"og:image:width\" content=\"1920\" \/>\n\t<meta property=\"og:image:height\" content=\"1920\" \/>\n\t<meta property=\"og:image:type\" content=\"image\/jpeg\" \/>\n<meta name=\"twitter:card\" content=\"summary_large_image\" \/>\n<script type=\"application\/ld+json\" class=\"yoast-schema-graph\">{\"@context\":\"https:\/\/schema.org\",\"@graph\":[{\"@type\":\"WebPage\",\"@id\":\"https:\/\/2dscanner.com\/fr\/404-page\/\",\"url\":\"https:\/\/2dscanner.com\/fr\/404-page\/\",\"name\":\"404 Page - 2D Scanner\",\"isPartOf\":{\"@id\":\"https:\/\/2dscanner.com\/fr\/#website\"},\"primaryImageOfPage\":{\"@id\":\"https:\/\/2dscanner.com\/fr\/404-page\/#primaryimage\"},\"image\":{\"@id\":\"https:\/\/2dscanner.com\/fr\/404-page\/#primaryimage\"},\"thumbnailUrl\":\"https:\/\/2dscanner.com\/wp-content\/uploads\/2025\/04\/2DscannerEVOplusLogo.jpg\",\"datePublished\":\"2025-04-18T07:40:26+00:00\",\"breadcrumb\":{\"@id\":\"https:\/\/2dscanner.com\/fr\/404-page\/#breadcrumb\"},\"inLanguage\":\"fr-FR\",\"potentialAction\":[{\"@type\":\"ReadAction\",\"target\":[\"https:\/\/2dscanner.com\/fr\/404-page\/\"]}]},{\"@type\":\"ImageObject\",\"inLanguage\":\"fr-FR\",\"@id\":\"https:\/\/2dscanner.com\/fr\/404-page\/#primaryimage\",\"url\":\"https:\/\/2dscanner.com\/wp-content\/uploads\/2025\/04\/2DscannerEVOplusLogo.jpg\",\"contentUrl\":\"https:\/\/2dscanner.com\/wp-content\/uploads\/2025\/04\/2DscannerEVOplusLogo.jpg\",\"width\":1200,\"height\":630,\"caption\":\"The 2D Scanner \u2013 scan interiors fast and accurately, without guessing angles.\"},{\"@type\":\"BreadcrumbList\",\"@id\":\"https:\/\/2dscanner.com\/fr\/404-page\/#breadcrumb\",\"itemListElement\":[{\"@type\":\"ListItem\",\"position\":1,\"name\":\"Home\",\"item\":\"https:\/\/2dscanner.com\/fr\/\"},{\"@type\":\"ListItem\",\"position\":2,\"name\":\"404 Page\"}]},{\"@type\":\"WebSite\",\"@id\":\"https:\/\/2dscanner.com\/fr\/#website\",\"url\":\"https:\/\/2dscanner.com\/fr\/\",\"name\":\"2D Scanner\",\"description\":\"Mesures 2D rapides et pr\u00e9cises\",\"publisher\":{\"@id\":\"https:\/\/2dscanner.com\/fr\/#organization\"},\"potentialAction\":[{\"@type\":\"SearchAction\",\"target\":{\"@type\":\"EntryPoint\",\"urlTemplate\":\"https:\/\/2dscanner.com\/fr\/?s={search_term_string}\"},\"query-input\":{\"@type\":\"PropertyValueSpecification\",\"valueRequired\":true,\"valueName\":\"search_term_string\"}}],\"inLanguage\":\"fr-FR\"},{\"@type\":\"Organization\",\"@id\":\"https:\/\/2dscanner.com\/fr\/#organization\",\"name\":\"2D Scanner\",\"url\":\"https:\/\/2dscanner.com\/fr\/\",\"logo\":{\"@type\":\"ImageObject\",\"inLanguage\":\"fr-FR\",\"@id\":\"https:\/\/2dscanner.com\/fr\/#\/schema\/logo\/image\/\",\"url\":\"https:\/\/2dscanner.com\/wp-content\/uploads\/2020\/06\/2DS-logo-blk.png\",\"contentUrl\":\"https:\/\/2dscanner.com\/wp-content\/uploads\/2020\/06\/2DS-logo-blk.png\",\"width\":248,\"height\":69,\"caption\":\"2D Scanner\"},\"image\":{\"@id\":\"https:\/\/2dscanner.com\/fr\/#\/schema\/logo\/image\/\"},\"sameAs\":[\"https:\/\/www.facebook.com\/2dscanner\/\",\"https:\/\/www.linkedin.com\/company\/2dscanner\/\",\"https:\/\/www.tiktok.com\/@2d_scanner\",\"https:\/\/www.instagram.com\/2dscanner\/\"]}]}<\/script>\n<!-- \/ Yoast SEO Premium plugin. -->","yoast_head_json":{"title":"404 Page - 2D Scanner","robots":{"index":"index","follow":"follow","max-snippet":"max-snippet:-1","max-image-preview":"max-image-preview:large","max-video-preview":"max-video-preview:-1"},"canonical":"https:\/\/2dscanner.com\/fr\/404-page\/","og_locale":"fr_FR","og_type":"article","og_title":"404 Page","og_description":"404 &#8211; Page non trouv\u00e9e D\u00e9sol\u00e9, la page que vous recherchez n&rsquo;existe pas ou a \u00e9t\u00e9 d\u00e9plac\u00e9e. Essayez l&rsquo;un des liens ci-dessous pour vous remettre sur les rails : \ud83c\udfe0 Accueil \ud83d\uded2 Boutique \u2753 FAQ \ud83d\udcec Contact \ud83d\udd19 Retour \u00e0 la page d&rsquo;accueil","og_url":"https:\/\/2dscanner.com\/fr\/404-page\/","og_site_name":"2D Scanner","article_publisher":"https:\/\/www.facebook.com\/2dscanner\/","og_image":[{"width":1920,"height":1920,"url":"https:\/\/2dscanner.com\/wp-content\/uploads\/2024\/05\/2D-Scanner-EVO-prod1-alt.jpg","type":"image\/jpeg"}],"twitter_card":"summary_large_image","schema":{"@context":"https:\/\/schema.org","@graph":[{"@type":"WebPage","@id":"https:\/\/2dscanner.com\/fr\/404-page\/","url":"https:\/\/2dscanner.com\/fr\/404-page\/","name":"404 Page - 2D Scanner","isPartOf":{"@id":"https:\/\/2dscanner.com\/fr\/#website"},"primaryImageOfPage":{"@id":"https:\/\/2dscanner.com\/fr\/404-page\/#primaryimage"},"image":{"@id":"https:\/\/2dscanner.com\/fr\/404-page\/#primaryimage"},"thumbnailUrl":"https:\/\/2dscanner.com\/wp-content\/uploads\/2025\/04\/2DscannerEVOplusLogo.jpg","datePublished":"2025-04-18T07:40:26+00:00","breadcrumb":{"@id":"https:\/\/2dscanner.com\/fr\/404-page\/#breadcrumb"},"inLanguage":"fr-FR","potentialAction":[{"@type":"ReadAction","target":["https:\/\/2dscanner.com\/fr\/404-page\/"]}]},{"@type":"ImageObject","inLanguage":"fr-FR","@id":"https:\/\/2dscanner.com\/fr\/404-page\/#primaryimage","url":"https:\/\/2dscanner.com\/wp-content\/uploads\/2025\/04\/2DscannerEVOplusLogo.jpg","contentUrl":"https:\/\/2dscanner.com\/wp-content\/uploads\/2025\/04\/2DscannerEVOplusLogo.jpg","width":1200,"height":630,"caption":"The 2D Scanner \u2013 scan interiors fast and accurately, without guessing angles."},{"@type":"BreadcrumbList","@id":"https:\/\/2dscanner.com\/fr\/404-page\/#breadcrumb","itemListElement":[{"@type":"ListItem","position":1,"name":"Home","item":"https:\/\/2dscanner.com\/fr\/"},{"@type":"ListItem","position":2,"name":"404 Page"}]},{"@type":"WebSite","@id":"https:\/\/2dscanner.com\/fr\/#website","url":"https:\/\/2dscanner.com\/fr\/","name":"2D Scanner","description":"Mesures 2D rapides et pr\u00e9cises","publisher":{"@id":"https:\/\/2dscanner.com\/fr\/#organization"},"potentialAction":[{"@type":"SearchAction","target":{"@type":"EntryPoint","urlTemplate":"https:\/\/2dscanner.com\/fr\/?s={search_term_string}"},"query-input":{"@type":"PropertyValueSpecification","valueRequired":true,"valueName":"search_term_string"}}],"inLanguage":"fr-FR"},{"@type":"Organization","@id":"https:\/\/2dscanner.com\/fr\/#organization","name":"2D Scanner","url":"https:\/\/2dscanner.com\/fr\/","logo":{"@type":"ImageObject","inLanguage":"fr-FR","@id":"https:\/\/2dscanner.com\/fr\/#\/schema\/logo\/image\/","url":"https:\/\/2dscanner.com\/wp-content\/uploads\/2020\/06\/2DS-logo-blk.png","contentUrl":"https:\/\/2dscanner.com\/wp-content\/uploads\/2020\/06\/2DS-logo-blk.png","width":248,"height":69,"caption":"2D Scanner"},"image":{"@id":"https:\/\/2dscanner.com\/fr\/#\/schema\/logo\/image\/"},"sameAs":["https:\/\/www.facebook.com\/2dscanner\/","https:\/\/www.linkedin.com\/company\/2dscanner\/","https:\/\/www.tiktok.com\/@2d_scanner","https:\/\/www.instagram.com\/2dscanner\/"]}]}},"_links":{"self":[{"href":"https:\/\/2dscanner.com\/fr\/wp-json\/wp\/v2\/pages\/5346","targetHints":{"allow":["GET"]}}],"collection":[{"href":"https:\/\/2dscanner.com\/fr\/wp-json\/wp\/v2\/pages"}],"about":[{"href":"https:\/\/2dscanner.com\/fr\/wp-json\/wp\/v2\/types\/page"}],"author":[{"embeddable":true,"href":"https:\/\/2dscanner.com\/fr\/wp-json\/wp\/v2\/users\/2"}],"replies":[{"embeddable":true,"href":"https:\/\/2dscanner.com\/fr\/wp-json\/wp\/v2\/comments?post=5346"}],"version-history":[{"count":0,"href":"https:\/\/2dscanner.com\/fr\/wp-json\/wp\/v2\/pages\/5346\/revisions"}],"wp:featuredmedia":[{"embeddable":true,"href":"https:\/\/2dscanner.com\/fr\/wp-json\/wp\/v2\/media\/5338"}],"wp:attachment":[{"href":"https:\/\/2dscanner.com\/fr\/wp-json\/wp\/v2\/media?parent=5346"}],"curies":[{"name":"wp","href":"https:\/\/api.w.org\/{rel}","templated":true}]}}