{"id":5479,"date":"2025-04-18T15:59:49","date_gmt":"2025-04-18T12:59:49","guid":{"rendered":"https:\/\/2dscanner.com\/merci-de-votre-attention\/"},"modified":"2025-04-18T15:59:49","modified_gmt":"2025-04-18T12:59:49","slug":"merci-de-votre-attention","status":"publish","type":"page","link":"https:\/\/2dscanner.com\/fr\/merci-de-votre-attention\/","title":{"rendered":"Merci de votre attention."},"content":{"rendered":"<div style=\"max-width: 700px; margin: 0 auto; text-align: center; padding: 40px 20px;\">\n<h2>Merci de vous \u00eatre abonn\u00e9 !<\/h2>\n<p>Bienvenue dans la communaut\u00e9 2Dscanner. \ud83c\udf89<\/p>\n<p>Vous recevrez d\u00e9sormais des mises \u00e0 jour, des conseils et des offres exclusives directement dans votre bo\u00eete de r\u00e9ception.<\/p>\n<p>En attendant, vous pouvez :<\/p>\n<ul style=\"list-style: none; padding: 0;\">\n<li><a href=\"https:\/\/2dscanner.com\/blog\/\">\ud83d\udcd8 D\u00e9couvrez notre blog<\/a><\/li>\n<li><a href=\"https:\/\/2dscanner.com\/help\/\">\ud83d\udcd6 Consultez la documentation d&rsquo;aide<\/a><\/li>\n<li><a href=\"https:\/\/2dscanner.com\/fr\/\">\ud83c\udfe0 Retour \u00e0 la page d&rsquo;accueil<\/a><\/li>\n<\/ul>\n<\/div>\n","protected":false},"excerpt":{"rendered":"<p>Merci de vous \u00eatre abonn\u00e9 ! Bienvenue dans la communaut\u00e9 2Dscanner. \ud83c\udf89 Vous recevrez d\u00e9sormais des mises \u00e0 jour, des conseils et des offres exclusives directement dans votre bo\u00eete de r\u00e9ception. En attendant, vous pouvez : \ud83d\udcd8 D\u00e9couvrez notre blog \ud83d\udcd6 Consultez la documentation d&rsquo;aide \ud83c\udfe0 Retour \u00e0 la page d&rsquo;accueil<\/p>\n","protected":false},"author":2,"featured_media":0,"parent":0,"menu_order":0,"comment_status":"closed","ping_status":"closed","template":"","meta":{"footnotes":""},"class_list":["post-5479","page","type-page","status-publish","hentry"],"yoast_head":"<!-- This site is optimized with the Yoast SEO Premium plugin v25.9 (Yoast SEO v27.0) - https:\/\/yoast.com\/product\/yoast-seo-premium-wordpress\/ -->\n<title>Merci de votre attention. - 2D Scanner<\/title>\n<meta name=\"robots\" content=\"index, follow, max-snippet:-1, max-image-preview:large, max-video-preview:-1\" \/>\n<link rel=\"canonical\" href=\"https:\/\/2dscanner.com\/fr\/merci-de-votre-attention\/\" \/>\n<meta property=\"og:locale\" content=\"fr_FR\" \/>\n<meta property=\"og:type\" content=\"article\" \/>\n<meta property=\"og:title\" content=\"Merci de votre attention.\" \/>\n<meta property=\"og:description\" content=\"Merci de vous \u00eatre abonn\u00e9 ! Bienvenue dans la communaut\u00e9 2Dscanner. \ud83c\udf89 Vous recevrez d\u00e9sormais des mises \u00e0 jour, des conseils et des offres exclusives directement dans votre bo\u00eete de r\u00e9ception. En attendant, vous pouvez : \ud83d\udcd8 D\u00e9couvrez notre blog \ud83d\udcd6 Consultez la documentation d&rsquo;aide \ud83c\udfe0 Retour \u00e0 la page d&rsquo;accueil\" \/>\n<meta property=\"og:url\" content=\"https:\/\/2dscanner.com\/fr\/merci-de-votre-attention\/\" \/>\n<meta property=\"og:site_name\" content=\"2D Scanner\" \/>\n<meta property=\"article:publisher\" content=\"https:\/\/www.facebook.com\/2dscanner\/\" \/>\n<meta property=\"og:image\" content=\"https:\/\/2dscanner.com\/wp-content\/uploads\/2024\/05\/2D-Scanner-EVO-prod1-alt.jpg\" \/>\n\t<meta property=\"og:image:width\" content=\"1920\" \/>\n\t<meta property=\"og:image:height\" content=\"1920\" \/>\n\t<meta property=\"og:image:type\" content=\"image\/jpeg\" \/>\n<meta name=\"twitter:card\" content=\"summary_large_image\" \/>\n<script type=\"application\/ld+json\" class=\"yoast-schema-graph\">{\"@context\":\"https:\/\/schema.org\",\"@graph\":[{\"@type\":\"WebPage\",\"@id\":\"https:\/\/2dscanner.com\/fr\/merci-de-votre-attention\/\",\"url\":\"https:\/\/2dscanner.com\/fr\/merci-de-votre-attention\/\",\"name\":\"Merci de votre attention. - 2D Scanner\",\"isPartOf\":{\"@id\":\"https:\/\/2dscanner.com\/fr\/#website\"},\"datePublished\":\"2025-04-18T12:59:49+00:00\",\"breadcrumb\":{\"@id\":\"https:\/\/2dscanner.com\/fr\/merci-de-votre-attention\/#breadcrumb\"},\"inLanguage\":\"fr-FR\",\"potentialAction\":[{\"@type\":\"ReadAction\",\"target\":[\"https:\/\/2dscanner.com\/fr\/merci-de-votre-attention\/\"]}]},{\"@type\":\"BreadcrumbList\",\"@id\":\"https:\/\/2dscanner.com\/fr\/merci-de-votre-attention\/#breadcrumb\",\"itemListElement\":[{\"@type\":\"ListItem\",\"position\":1,\"name\":\"Home\",\"item\":\"https:\/\/2dscanner.com\/fr\/\"},{\"@type\":\"ListItem\",\"position\":2,\"name\":\"Merci de votre attention.\"}]},{\"@type\":\"WebSite\",\"@id\":\"https:\/\/2dscanner.com\/fr\/#website\",\"url\":\"https:\/\/2dscanner.com\/fr\/\",\"name\":\"2D Scanner\",\"description\":\"Mesures 2D rapides et pr\u00e9cises\",\"publisher\":{\"@id\":\"https:\/\/2dscanner.com\/fr\/#organization\"},\"potentialAction\":[{\"@type\":\"SearchAction\",\"target\":{\"@type\":\"EntryPoint\",\"urlTemplate\":\"https:\/\/2dscanner.com\/fr\/?s={search_term_string}\"},\"query-input\":{\"@type\":\"PropertyValueSpecification\",\"valueRequired\":true,\"valueName\":\"search_term_string\"}}],\"inLanguage\":\"fr-FR\"},{\"@type\":\"Organization\",\"@id\":\"https:\/\/2dscanner.com\/fr\/#organization\",\"name\":\"2D Scanner\",\"url\":\"https:\/\/2dscanner.com\/fr\/\",\"logo\":{\"@type\":\"ImageObject\",\"inLanguage\":\"fr-FR\",\"@id\":\"https:\/\/2dscanner.com\/fr\/#\/schema\/logo\/image\/\",\"url\":\"https:\/\/2dscanner.com\/wp-content\/uploads\/2020\/06\/2DS-logo-blk.png\",\"contentUrl\":\"https:\/\/2dscanner.com\/wp-content\/uploads\/2020\/06\/2DS-logo-blk.png\",\"width\":248,\"height\":69,\"caption\":\"2D Scanner\"},\"image\":{\"@id\":\"https:\/\/2dscanner.com\/fr\/#\/schema\/logo\/image\/\"},\"sameAs\":[\"https:\/\/www.facebook.com\/2dscanner\/\",\"https:\/\/www.linkedin.com\/company\/2dscanner\/\",\"https:\/\/www.tiktok.com\/@2d_scanner\",\"https:\/\/www.instagram.com\/2dscanner\/\"]}]}<\/script>\n<!-- \/ Yoast SEO Premium plugin. -->","yoast_head_json":{"title":"Merci de votre attention. - 2D Scanner","robots":{"index":"index","follow":"follow","max-snippet":"max-snippet:-1","max-image-preview":"max-image-preview:large","max-video-preview":"max-video-preview:-1"},"canonical":"https:\/\/2dscanner.com\/fr\/merci-de-votre-attention\/","og_locale":"fr_FR","og_type":"article","og_title":"Merci de votre attention.","og_description":"Merci de vous \u00eatre abonn\u00e9 ! Bienvenue dans la communaut\u00e9 2Dscanner. \ud83c\udf89 Vous recevrez d\u00e9sormais des mises \u00e0 jour, des conseils et des offres exclusives directement dans votre bo\u00eete de r\u00e9ception. En attendant, vous pouvez : \ud83d\udcd8 D\u00e9couvrez notre blog \ud83d\udcd6 Consultez la documentation d&rsquo;aide \ud83c\udfe0 Retour \u00e0 la page d&rsquo;accueil","og_url":"https:\/\/2dscanner.com\/fr\/merci-de-votre-attention\/","og_site_name":"2D Scanner","article_publisher":"https:\/\/www.facebook.com\/2dscanner\/","og_image":[{"width":1920,"height":1920,"url":"https:\/\/2dscanner.com\/wp-content\/uploads\/2024\/05\/2D-Scanner-EVO-prod1-alt.jpg","type":"image\/jpeg"}],"twitter_card":"summary_large_image","schema":{"@context":"https:\/\/schema.org","@graph":[{"@type":"WebPage","@id":"https:\/\/2dscanner.com\/fr\/merci-de-votre-attention\/","url":"https:\/\/2dscanner.com\/fr\/merci-de-votre-attention\/","name":"Merci de votre attention. - 2D Scanner","isPartOf":{"@id":"https:\/\/2dscanner.com\/fr\/#website"},"datePublished":"2025-04-18T12:59:49+00:00","breadcrumb":{"@id":"https:\/\/2dscanner.com\/fr\/merci-de-votre-attention\/#breadcrumb"},"inLanguage":"fr-FR","potentialAction":[{"@type":"ReadAction","target":["https:\/\/2dscanner.com\/fr\/merci-de-votre-attention\/"]}]},{"@type":"BreadcrumbList","@id":"https:\/\/2dscanner.com\/fr\/merci-de-votre-attention\/#breadcrumb","itemListElement":[{"@type":"ListItem","position":1,"name":"Home","item":"https:\/\/2dscanner.com\/fr\/"},{"@type":"ListItem","position":2,"name":"Merci de votre attention."}]},{"@type":"WebSite","@id":"https:\/\/2dscanner.com\/fr\/#website","url":"https:\/\/2dscanner.com\/fr\/","name":"2D Scanner","description":"Mesures 2D rapides et pr\u00e9cises","publisher":{"@id":"https:\/\/2dscanner.com\/fr\/#organization"},"potentialAction":[{"@type":"SearchAction","target":{"@type":"EntryPoint","urlTemplate":"https:\/\/2dscanner.com\/fr\/?s={search_term_string}"},"query-input":{"@type":"PropertyValueSpecification","valueRequired":true,"valueName":"search_term_string"}}],"inLanguage":"fr-FR"},{"@type":"Organization","@id":"https:\/\/2dscanner.com\/fr\/#organization","name":"2D Scanner","url":"https:\/\/2dscanner.com\/fr\/","logo":{"@type":"ImageObject","inLanguage":"fr-FR","@id":"https:\/\/2dscanner.com\/fr\/#\/schema\/logo\/image\/","url":"https:\/\/2dscanner.com\/wp-content\/uploads\/2020\/06\/2DS-logo-blk.png","contentUrl":"https:\/\/2dscanner.com\/wp-content\/uploads\/2020\/06\/2DS-logo-blk.png","width":248,"height":69,"caption":"2D Scanner"},"image":{"@id":"https:\/\/2dscanner.com\/fr\/#\/schema\/logo\/image\/"},"sameAs":["https:\/\/www.facebook.com\/2dscanner\/","https:\/\/www.linkedin.com\/company\/2dscanner\/","https:\/\/www.tiktok.com\/@2d_scanner","https:\/\/www.instagram.com\/2dscanner\/"]}]}},"_links":{"self":[{"href":"https:\/\/2dscanner.com\/fr\/wp-json\/wp\/v2\/pages\/5479","targetHints":{"allow":["GET"]}}],"collection":[{"href":"https:\/\/2dscanner.com\/fr\/wp-json\/wp\/v2\/pages"}],"about":[{"href":"https:\/\/2dscanner.com\/fr\/wp-json\/wp\/v2\/types\/page"}],"author":[{"embeddable":true,"href":"https:\/\/2dscanner.com\/fr\/wp-json\/wp\/v2\/users\/2"}],"replies":[{"embeddable":true,"href":"https:\/\/2dscanner.com\/fr\/wp-json\/wp\/v2\/comments?post=5479"}],"version-history":[{"count":0,"href":"https:\/\/2dscanner.com\/fr\/wp-json\/wp\/v2\/pages\/5479\/revisions"}],"wp:attachment":[{"href":"https:\/\/2dscanner.com\/fr\/wp-json\/wp\/v2\/media?parent=5479"}],"curies":[{"name":"wp","href":"https:\/\/api.w.org\/{rel}","templated":true}]}}