{"id":2674,"date":"2024-05-02T18:10:41","date_gmt":"2024-05-02T15:10:41","guid":{"rendered":"https:\/\/2dscanner.com\/product\/2dscanner-evo\/"},"modified":"2026-04-10T13:21:59","modified_gmt":"2026-04-10T10:21:59","slug":"2dscanner-evo","status":"publish","type":"product","link":"https:\/\/2dscanner.com\/fr\/produit\/2dscanner-evo\/","title":{"rendered":"2DScanner EVO"},"content":{"rendered":"<div class=\"wpb-content-wrapper\">[vc_section full_width=\u00a0\u00bbstretch_row_content\u00a0\u00bb css=\u00a0\u00bb.vc_custom_1695648799232{padding-top: 10vh !important;padding-bottom: 10vh !important;background-color: #f2f3f6 !important;}\u00a0\u00bb el_id=\u00a0\u00bbfeatures\u00a0\u00bb][vc_row thb_full_width=\u00a0\u00bbtrue\u00a0\u00bb el_class=\u00a0\u00bbalign-center\u00a0\u00bb][vc_column offset=\u00a0\u00bbvc_col-lg-8 vc_col-md-10&Prime; el_class=\u00a0\u00bbtext-center\u00a0\u00bb]\t<div id=\"thb-slidetype-69e4feb586f3e\" class=\"thb-slidetype text-center\" data-style=\"style1\">\n\t\t&lt;h3&gt;*Mesures 2D rapides et pr\u00e9cises&lt;\/h3&gt;\t\t\t<\/div>\n\n\t[vc_empty_space height=\u00a0\u00bb25px\u00a0\u00bb][\/vc_column][\/vc_row][vc_row css=\u00a0\u00bb.vc_custom_1714728986459{padding-right: 6vh !important;padding-left: 6vh !important;}\u00a0\u00bb][vc_column width=\u00a0\u00bb1\/2&Prime;][vc_column_text]\n<ul>\n<li><strong>Num\u00e9risation automatique :<\/strong> Le 2D Scanner commence \u00e0 num\u00e9riser et s&rsquo;arr\u00eate lorsqu&rsquo;un cycle est termin\u00e9. Pendant ce temps, l&rsquo;utilisateur ne peut que contr\u00f4ler l&rsquo;\u00e9tape de num\u00e9risation et peut choisir de l&rsquo;interrompre avant qu&rsquo;elle ne soit termin\u00e9e. Il est possible de pr\u00e9d\u00e9finir le d\u00e9but et la fin de la num\u00e9risation.<\/li>\n<li><strong>Balayage combin\u00e9 :<\/strong> L&rsquo;utilisateur a le contr\u00f4le total de l&rsquo;appareil. Ils peuvent num\u00e9riser des zones ou des points individuels, num\u00e9riser \u00e0 nouveau la m\u00eame zone et combiner deux num\u00e9risations.<\/li>\n<li><strong>Peut \u00eatre utilis\u00e9 comme un simple t\u00e9l\u00e9m\u00e8tre :<\/strong> Le 2D Scanner peut \u00e9galement fonctionner comme un simple t\u00e9l\u00e9m\u00e8tre laser.<\/li>\n<\/ul>\n[\/vc_column_text][\/vc_column][vc_column width=\u00a0\u00bb1\/2&Prime;][vc_column_text]\n<ul>\n<li><strong>Nuage de points :<\/strong> Le nuage de points du 2D Scanner est constitu\u00e9 de points discrets plut\u00f4t que de points dispers\u00e9s de mani\u00e8re al\u00e9atoire. Cela garantit la pr\u00e9cision et la facilit\u00e9 d&rsquo;utilisation. Lorsque des lignes droites sont d\u00e9tect\u00e9es, l&rsquo;application les affiche et elles sont export\u00e9es au format DXF.<\/li>\n<li><strong>Combinaison de scans :<\/strong> Le 2D Scanner peut combiner des scans cons\u00e9cutifs en utilisant des points de r\u00e9f\u00e9rence d\u00e9finis par l&rsquo;utilisateur.<\/li>\n<li><strong>Balayage vertical :<\/strong> Oui. Elle peut \u00eatre r\u00e9alis\u00e9e de mani\u00e8re verticale ou inclin\u00e9e. Le 2D Scanner est \u00e9quip\u00e9 d&rsquo;un acc\u00e9l\u00e9rom\u00e8tre de haute pr\u00e9cision. Les balayages horizontaux sont automatiquement corrig\u00e9s comme si l&rsquo;appareil \u00e9tait parfaitement align\u00e9. Les balayages verticaux ou inclin\u00e9s sont automatiquement d\u00e9tect\u00e9s.<\/li>\n<\/ul>\n[\/vc_column_text][\/vc_column][\/vc_row][\/vc_section][vc_section full_width=\u00a0\u00bbstretch_row\u00a0\u00bb css=\u00a0\u00bb.vc_custom_1695649014080{padding-top: 10vh !important;padding-bottom: 10vh !important;}\u00a0\u00bb][vc_row thb_full_width=\u00a0\u00bbtrue\u00a0\u00bb thb_row_padding=\u00a0\u00bbtrue\u00a0\u00bb thb_column_padding=\u00a0\u00bbtrue\u00a0\u00bb css=\u00a0\u00bb.vc_custom_1695648650294{padding-top: 100px !important;padding-bottom: 100px !important;}\u00a0\u00bb][vc_column][vc_row_inner][vc_column_inner el_class=\u00a0\u00bbtext-center\u00a0\u00bb]\t<div id=\"thb-slidetype-69e4feb586ff6\" class=\"thb-slidetype \" data-style=\"style1\">\n\t\t&lt;h3&gt;*Pourquoi choisir 2D Scanner&lt;\/h3&gt;\t\t\t\t<style>\n\t\t\t#thb-slidetype-69e4feb586ff6 .thb-slidetype-entry {\n\t\t\t\tcolor: #000000;\n\t\t\t}\n\t\t<\/style>\n\t\t\t<\/div>\n\n\t[vc_column_text css=\u00a0\u00bb\u00a0\u00bb]<span style=\"color: #121212; font-size: 20px;\">La solution la plus intelligente pour la mesure laser et la num\u00e9risation int\u00e9rieure.<\/span>[\/vc_column_text][\/vc_column_inner][\/vc_row_inner][vc_row_inner css=\u00a0\u00bb.vc_custom_1594930308169{padding-bottom: 60px !important;}\u00a0\u00bb][vc_column_inner width=\u00a0\u00bb1\/4&Prime;]\t<div id=\"thb-iconbox-69e4feb5870aa\" class=\"thb-iconbox top type8  has-img  text-left animation-true\" href=\"\" target=\"_self\" data-animation_speed=\"1.5\">\n\t\t\t\t<figure>\n\t\t\t\t\t\t\t<div class=\"iconbox-image\">\n\t\t\t\t\t<img loading=\"lazy\" decoding=\"async\" width=\"194\" height=\"172\" src=\"image\/gif;base64,R0lGODlhAQABAAAAACH5BAEKAAEALAAAAAABAAEAAAICTAEAOw==\" class=\"thb_image retina_size attachment-full thb-lazyload lazyload\" alt=\"\" title=\"icon2\" data-src=\"https:\/\/2dscanner.com\/wp-content\/uploads\/2020\/07\/icon2.png\" data-sizes=\"auto\" data-srcset=\"https:\/\/2dscanner.com\/wp-content\/uploads\/2020\/07\/icon2.png 194w, https:\/\/2dscanner.com\/wp-content\/uploads\/2020\/07\/icon2-20x18.png 20w, https:\/\/2dscanner.com\/wp-content\/uploads\/2020\/07\/icon2-190x168.png 190w\" \/>\t\t\t\t\t\t\t\t\t<\/div>\n\t\t\t\t\t\t\t\t\t\t\t\t<\/figure>\n\t\t\t\t<div class=\"iconbox-content\">\n\t\t\t\t\t\t\t<h5>Gagnez du temps et de l'argent<\/h5>\t\t\t<p>Affordable price. No maintenance costs. Save time on-site.<\/p>\n\t\t\t\t\t<\/div>\n\t\t<style>\n\t\t\t\t\t\t\t\t\t\t\t\t\t\t\t\t\t\t\t\t\t\t\t\t\/* Hover *\/\n\t\t\t\t\t\t\t\t\t#thb-iconbox-69e4feb5870aa.thb-iconbox:hover .iconbox-content h5,\n\t\t\t#thb-iconbox-69e4feb5870aa.thb-iconbox figure h5 {\n\t\t\t\tcolor: #ff431c;\n\t\t\t}\n\t\t\t\t\t\t\t\t<\/style>\n\t<\/div>\n\t[vc_empty_space mobile_height=\u00a0\u00bb20px\u00a0\u00bb height=\u00a0\u00bb42px\u00a0\u00bb][\/vc_column_inner][vc_column_inner width=\u00a0\u00bb1\/4&Prime;]\t<div id=\"thb-iconbox-69e4feb5879c8\" class=\"thb-iconbox top type8  has-img  text-left animation-true\" href=\"\" target=\"_self\" data-animation_speed=\"1.5\">\n\t\t\t\t<figure>\n\t\t\t\t\t\t\t<div class=\"iconbox-image\">\n\t\t\t\t\t<img loading=\"lazy\" decoding=\"async\" width=\"194\" height=\"172\" src=\"image\/gif;base64,R0lGODlhAQABAAAAACH5BAEKAAEALAAAAAABAAEAAAICTAEAOw==\" class=\"thb_image retina_size attachment-full thb-lazyload lazyload\" alt=\"\" title=\"icon1-2\" data-src=\"https:\/\/2dscanner.com\/wp-content\/uploads\/2020\/07\/icon1-2.png\" data-sizes=\"auto\" data-srcset=\"https:\/\/2dscanner.com\/wp-content\/uploads\/2020\/07\/icon1-2.png 194w, https:\/\/2dscanner.com\/wp-content\/uploads\/2020\/07\/icon1-2-20x18.png 20w, https:\/\/2dscanner.com\/wp-content\/uploads\/2020\/07\/icon1-2-190x168.png 190w\" \/>\t\t\t\t\t\t\t\t\t<\/div>\n\t\t\t\t\t\t\t\t\t\t\t\t<\/figure>\n\t\t\t\t<div class=\"iconbox-content\">\n\t\t\t\t\t\t\t<h5>Des mesures pr\u00e9cises<\/h5>\t\t\t<p>Never miss a measurement and avoid costly mistakes.<\/p>\n\t\t\t\t\t<\/div>\n\t\t<style>\n\t\t\t\t\t\t\t\t\t\t\t\t\t\t\t\t\t\t\t\t\t\t\t\t\/* Hover *\/\n\t\t\t\t\t\t\t\t\t#thb-iconbox-69e4feb5879c8.thb-iconbox:hover .iconbox-content h5,\n\t\t\t#thb-iconbox-69e4feb5879c8.thb-iconbox figure h5 {\n\t\t\t\tcolor: #ff431c;\n\t\t\t}\n\t\t\t\t\t\t\t\t<\/style>\n\t<\/div>\n\t[vc_empty_space mobile_height=\u00a0\u00bb20px\u00a0\u00bb height=\u00a0\u00bb42px\u00a0\u00bb][\/vc_column_inner][vc_column_inner width=\u00a0\u00bb1\/4&Prime;]\t<div id=\"thb-iconbox-69e4feb587dc6\" class=\"thb-iconbox top type8  has-img  text-left animation-true\" href=\"\" target=\"_self\" data-animation_speed=\"1.5\">\n\t\t\t\t<figure>\n\t\t\t\t\t\t\t<div class=\"iconbox-image\">\n\t\t\t\t\t<img loading=\"lazy\" decoding=\"async\" width=\"194\" height=\"172\" src=\"image\/gif;base64,R0lGODlhAQABAAAAACH5BAEKAAEALAAAAAABAAEAAAICTAEAOw==\" class=\"thb_image retina_size attachment-full thb-lazyload lazyload\" alt=\"\" title=\"icon4\" data-src=\"https:\/\/2dscanner.com\/wp-content\/uploads\/2020\/07\/icon4.png\" data-sizes=\"auto\" data-srcset=\"https:\/\/2dscanner.com\/wp-content\/uploads\/2020\/07\/icon4.png 194w, https:\/\/2dscanner.com\/wp-content\/uploads\/2020\/07\/icon4-20x18.png 20w, https:\/\/2dscanner.com\/wp-content\/uploads\/2020\/07\/icon4-190x168.png 190w\" \/>\t\t\t\t\t\t\t\t\t<\/div>\n\t\t\t\t\t\t\t\t\t\t\t\t<\/figure>\n\t\t\t\t<div class=\"iconbox-content\">\n\t\t\t\t\t\t\t<h5>Facile \u00e0 utiliser<\/h5>\t\t\t<p>Small, portable form factor. Easy to carry. Easy on-site installation and setup.<\/p>\n\t\t\t\t\t<\/div>\n\t\t<style>\n\t\t\t\t\t\t\t\t\t\t\t\t\t\t\t\t\t\t\t\t\t\t\t\t\/* Hover *\/\n\t\t\t\t\t\t\t\t\t#thb-iconbox-69e4feb587dc6.thb-iconbox:hover .iconbox-content h5,\n\t\t\t#thb-iconbox-69e4feb587dc6.thb-iconbox figure h5 {\n\t\t\t\tcolor: #ff431c;\n\t\t\t}\n\t\t\t\t\t\t\t\t<\/style>\n\t<\/div>\n\t[vc_empty_space mobile_height=\u00a0\u00bb20px\u00a0\u00bb height=\u00a0\u00bb42px\u00a0\u00bb][\/vc_column_inner][vc_column_inner width=\u00a0\u00bb1\/4&Prime;]\t<div id=\"thb-iconbox-69e4feb5881da\" class=\"thb-iconbox top type8  has-img  text-left animation-true\" href=\"\" target=\"_self\" data-animation_speed=\"1.5\">\n\t\t\t\t<figure>\n\t\t\t\t\t\t\t<div class=\"iconbox-image\">\n\t\t\t\t\t<img loading=\"lazy\" decoding=\"async\" width=\"194\" height=\"172\" src=\"image\/gif;base64,R0lGODlhAQABAAAAACH5BAEKAAEALAAAAAABAAEAAAICTAEAOw==\" class=\"thb_image retina_size attachment-full thb-lazyload lazyload\" alt=\"\" title=\"icon3\" data-src=\"https:\/\/2dscanner.com\/wp-content\/uploads\/2020\/07\/icon3.png\" data-sizes=\"auto\" data-srcset=\"https:\/\/2dscanner.com\/wp-content\/uploads\/2020\/07\/icon3.png 194w, https:\/\/2dscanner.com\/wp-content\/uploads\/2020\/07\/icon3-20x18.png 20w, https:\/\/2dscanner.com\/wp-content\/uploads\/2020\/07\/icon3-190x168.png 190w\" \/>\t\t\t\t\t\t\t\t\t<\/div>\n\t\t\t\t\t\t\t\t\t\t\t\t<\/figure>\n\t\t\t\t<div class=\"iconbox-content\">\n\t\t\t\t\t\t\t<h5>Application pour appareils mobiles<\/h5>\t\t\t<p>Export measurements as DXF, TXT files suitable for any CAD application.<\/p>\n\t\t\t\t\t<\/div>\n\t\t<style>\n\t\t\t\t\t\t\t\t\t\t\t\t\t\t\t\t\t\t\t\t\t\t\t\t\/* Hover *\/\n\t\t\t\t\t\t\t\t\t#thb-iconbox-69e4feb5881da.thb-iconbox:hover .iconbox-content h5,\n\t\t\t#thb-iconbox-69e4feb5881da.thb-iconbox figure h5 {\n\t\t\t\tcolor: #ff431c;\n\t\t\t}\n\t\t\t\t\t\t\t\t<\/style>\n\t<\/div>\n\t[vc_empty_space mobile_height=\u00a0\u00bb20px\u00a0\u00bb height=\u00a0\u00bb42px\u00a0\u00bb][\/vc_column_inner][\/vc_row_inner][vc_row_inner thb_column_padding=\u00a0\u00bbtrue\u00a0\u00bb][vc_column_inner el_class=\u00a0\u00bbtext-center\u00a0\u00bb]\t<div id=\"thb-slidetype-69e4feb588795\" class=\"thb-slidetype \" data-style=\"style1\">\n\t\t&lt;h3&gt;*Id\u00e9al pour&lt;\/h3&gt;\t\t\t\t<style>\n\t\t\t#thb-slidetype-69e4feb588795 .thb-slidetype-entry {\n\t\t\t\tcolor: #000000;\n\t\t\t}\n\t\t<\/style>\n\t\t\t<\/div>\n\n\t\t<div id=\"thb-freescroll-410\" class=\"thb-freescroll free-scroll-center regular-padding thb-adaptive-height thb-freescroll-text   \" data-direction=\"thb-right-to-left\" data-pause=\"\">\n\t\t\t\t\t\t<div class=\"small-12 columns text-content\">\n\t\t\t\t&lt;h4&gt;Architectes, ing\u00e9nieurs, architectes d'int\u00e9rieur, constructeurs de maisons, fabricants de surfaces en verre, fabricants de meubles et de constructions sp\u00e9ciales.&lt;\/h4&gt;\t\t\t\t<\/div>\n\t\t<div class=\"small-12 columns text-content\">\n\t\t\t\t&lt;h4&gt;Architectes, ing\u00e9nieurs, architectes d'int\u00e9rieur, constructeurs de maisons, fabricants de surfaces en verre, fabricants de meubles et de constructions sp\u00e9ciales.&lt;\/h4&gt;\t\t\t\t<\/div>\n\t\t\t\t\t<\/div>\n\t[vc_empty_space mobile_height=\u00a0\u00bb15px\u00a0\u00bb height=\u00a0\u00bb15px\u00a0\u00bb]\t<a id=\"thb-button-69e4feb589943\" class=\"btn style2 small  accent pill-radius    arrow-enabled\" href=\"https:\/\/2dscanner.com\/about\/\" target=\"_self\" role=\"button\">\n\t\t\t\t\t<span>READ MORE<\/span>\n\t<svg xmlns=\"http:\/\/www.w3.org\/2000\/svg\" xmlns:xlink=\"http:\/\/www.w3.org\/1999\/xlink\" x=\"0px\" y=\"0px\"\r\n\t width=\"30px\" height=\"18px\" viewBox=\"0 0 30 18\" enable-background=\"new 0 0 30 18\" xml:space=\"preserve\">\r\n<path class=\"handle\" d=\"M20.305,16.212c-0.407,0.409-0.407,1.071,0,1.479s1.068,0.408,1.476,0l7.914-7.952c0.408-0.409,0.408-1.071,0-1.481\r\n\tl-7.914-7.952c-0.407-0.409-1.068-0.409-1.476,0s-0.407,1.071,0,1.48l7.185,7.221L20.305,16.212z\"\/>\r\n<path class=\"bar\" fill-rule=\"evenodd\" clip-rule=\"evenodd\" d=\"M1,8h28.001c0.551,0,1,0.448,1,1c0,0.553-0.449,1-1,1H1c-0.553,0-1-0.447-1-1\r\n\tC0,8.448,0.447,8,1,8z\"\/>\r\n<\/svg>\r\n\t\t<\/a>\n\t\t[\/vc_column_inner][\/vc_row_inner][\/vc_column][\/vc_row][\/vc_section]\n<\/div>","protected":false},"excerpt":{"rendered":"<p><!-- Google tag (gtag.js) --><\/p>\n<p><span style=\"font-weight: 400;\">2Dscanner est un appareil de mesure d&rsquo;espaces int\u00e9rieurs. Il tourne dans un plan XY et mesure l&rsquo;angle et la distance. Les points extraits sont automatiquement trait\u00e9s par l&rsquo;application intelligente en temps r\u00e9el.  <\/span><span style=\"font-weight: 400;\">temps. Pendant le balayage laser, l&rsquo;utilisateur a un contr\u00f4le total de l&rsquo;appareil. Le r\u00e9sultat final est un fichier DXF \u00e9ditable par tous les logiciels de CAO. Les fichiers CSV et TXT sont \u00e9galement export\u00e9s.  <\/span><\/p>\n[video width=\"960\" height=\"540\" mp4=\"https:\/\/2dscanner.com\/wp-content\/uploads\/2026\/02\/2Dscanner-laser-promo.mp4\"][\/video]\n<p>2Dscanner EVO peut \u00eatre mont\u00e9 sur n&rsquo;importe quel tr\u00e9pied photo l\u00e9ger avec vis 1\/4. Notre tr\u00e9pied est sp\u00e9cialement optimis\u00e9 pour le 2Dscanner, offrant une stabilit\u00e9 maximale pendant l&rsquo;utilisation.<br data-start=\"169\" data-end=\"172\">Sa poutre centrale rotative permet des balayages verticaux sans effort sans que les pieds interf\u00e8rent avec vos mesures. <\/p>\n<p><span style=\"font-weight: 400;\">Le prix ne comprend pas la TVA. Si vous \u00eates un professionnel de l&rsquo;UE, la transaction est exempte de TVA. La livraison est gratuite dans le monde entier. Si vous \u00eates hors UE, contactez-nous par e-mail.<br \/>\n<\/span><\/p>\n<p>-2 ans de garantie<\/p>\n<p>-Garantie de remboursement de 2 semaines<\/p>\n<p>-Livr\u00e9 en 2 jours ouvrables avec DHL Express. (Livraison sous 7 jours en combinaison avec le tr\u00e9pied.) <\/p>\n<p>-Les logiciels Android, iOS et Windows sont inclus dans le prix.<\/p>\n<p>-Payez une fois, scannez pour toujours. Pas d&rsquo;abonnement ni de frais suppl\u00e9mentaires.<\/p>\n<p>&nbsp;<\/p>\n","protected":false},"featured_media":3063,"comment_status":"closed","ping_status":"closed","template":"","meta":[],"product_brand":[],"product_cat":[173],"product_tag":[],"class_list":{"0":"post-2674","1":"product","2":"type-product","3":"status-publish","4":"has-post-thumbnail","6":"product_cat-scanner-2d","8":"first","9":"instock","10":"taxable","11":"shipping-taxable","12":"purchasable","13":"product-type-simple"},"yoast_head":"<!-- This site is optimized with the Yoast SEO Premium plugin v25.9 (Yoast SEO v27.0) - https:\/\/yoast.com\/product\/yoast-seo-premium-wordpress\/ -->\n<title>2DScanner EVO - 2D Scanner<\/title>\n<meta name=\"description\" content=\"2D Scanner laser pour l&#039;int\u00e9rieur - l&#039;outil id\u00e9al pour les architectes, les ing\u00e9nieurs civils, les g\u00e9om\u00e8tres, les charpentiers et autres professionnels qui ont besoin de mesures pr\u00e9cises. Ne manquez rien. Payez une fois, scannez pour toujours.\" \/>\n<meta name=\"robots\" content=\"index, follow, max-snippet:-1, max-image-preview:large, max-video-preview:-1\" \/>\n<link rel=\"canonical\" href=\"https:\/\/2dscanner.com\/fr\/produit\/2dscanner-evo\/\" \/>\n<meta property=\"og:locale\" content=\"fr_FR\" \/>\n<meta property=\"og:type\" content=\"article\" \/>\n<meta property=\"og:title\" content=\"2DScanner EVO\" \/>\n<meta property=\"og:description\" content=\"2D Scanner laser pour l&#039;int\u00e9rieur - l&#039;outil id\u00e9al pour les architectes, les ing\u00e9nieurs civils, les g\u00e9om\u00e8tres, les charpentiers et autres professionnels qui ont besoin de mesures pr\u00e9cises. Ne manquez rien. Payez une fois, scannez pour toujours.\" \/>\n<meta property=\"og:url\" content=\"https:\/\/2dscanner.com\/fr\/produit\/2dscanner-evo\/\" \/>\n<meta property=\"og:site_name\" content=\"2D Scanner\" \/>\n<meta property=\"article:publisher\" content=\"https:\/\/www.facebook.com\/2dscanner\/\" \/>\n<meta property=\"article:modified_time\" content=\"2026-04-10T10:21:59+00:00\" \/>\n<meta property=\"og:image\" content=\"https:\/\/2dscanner.com\/wp-content\/uploads\/2024\/06\/2D-Scanner-EVO-prod4_wht.png\" \/>\n\t<meta property=\"og:image:width\" content=\"2000\" \/>\n\t<meta property=\"og:image:height\" content=\"2000\" \/>\n\t<meta property=\"og:image:type\" content=\"image\/png\" \/>\n<meta name=\"twitter:card\" content=\"summary_large_image\" \/>\n<meta name=\"twitter:label1\" content=\"Dur\u00e9e de lecture estim\u00e9e\" \/>\n\t<meta name=\"twitter:data1\" content=\"2 minutes\" \/>\n<script type=\"application\/ld+json\" class=\"yoast-schema-graph\">{\"@context\":\"https:\/\/schema.org\",\"@graph\":[{\"@type\":\"WebPage\",\"@id\":\"https:\/\/2dscanner.com\/fr\/produit\/2dscanner-evo\/\",\"url\":\"https:\/\/2dscanner.com\/fr\/produit\/2dscanner-evo\/\",\"name\":\"2DScanner EVO - 2D Scanner\",\"isPartOf\":{\"@id\":\"https:\/\/2dscanner.com\/fr\/#website\"},\"primaryImageOfPage\":{\"@id\":\"https:\/\/2dscanner.com\/fr\/produit\/2dscanner-evo\/#primaryimage\"},\"image\":{\"@id\":\"https:\/\/2dscanner.com\/fr\/produit\/2dscanner-evo\/#primaryimage\"},\"thumbnailUrl\":\"https:\/\/2dscanner.com\/wp-content\/uploads\/2024\/06\/2D-Scanner-EVO-prod4_wht.png\",\"datePublished\":\"2024-05-02T15:10:41+00:00\",\"dateModified\":\"2026-04-10T10:21:59+00:00\",\"description\":\"2D Scanner laser pour l'int\u00e9rieur - l'outil id\u00e9al pour les architectes, les ing\u00e9nieurs civils, les g\u00e9om\u00e8tres, les charpentiers et autres professionnels qui ont besoin de mesures pr\u00e9cises. Ne manquez rien. Payez une fois, scannez pour toujours.\",\"breadcrumb\":{\"@id\":\"https:\/\/2dscanner.com\/fr\/produit\/2dscanner-evo\/#breadcrumb\"},\"inLanguage\":\"fr-FR\",\"potentialAction\":[{\"@type\":\"ReadAction\",\"target\":[\"https:\/\/2dscanner.com\/fr\/produit\/2dscanner-evo\/\"]}]},{\"@type\":\"ImageObject\",\"inLanguage\":\"fr-FR\",\"@id\":\"https:\/\/2dscanner.com\/fr\/produit\/2dscanner-evo\/#primaryimage\",\"url\":\"https:\/\/2dscanner.com\/wp-content\/uploads\/2024\/06\/2D-Scanner-EVO-prod4_wht.png\",\"contentUrl\":\"https:\/\/2dscanner.com\/wp-content\/uploads\/2024\/06\/2D-Scanner-EVO-prod4_wht.png\",\"width\":2000,\"height\":2000,\"caption\":\"2Dscanner EVO Laser\"},{\"@type\":\"BreadcrumbList\",\"@id\":\"https:\/\/2dscanner.com\/fr\/produit\/2dscanner-evo\/#breadcrumb\",\"itemListElement\":[{\"@type\":\"ListItem\",\"position\":1,\"name\":\"Home\",\"item\":\"https:\/\/2dscanner.com\/fr\/\"},{\"@type\":\"ListItem\",\"position\":2,\"name\":\"Boutique\",\"item\":\"https:\/\/2dscanner.com\/fr\/boutique\/\"},{\"@type\":\"ListItem\",\"position\":3,\"name\":\"2DScanner EVO\"}]},{\"@type\":\"WebSite\",\"@id\":\"https:\/\/2dscanner.com\/fr\/#website\",\"url\":\"https:\/\/2dscanner.com\/fr\/\",\"name\":\"2D Scanner\",\"description\":\"Mesures 2D rapides et pr\u00e9cises\",\"publisher\":{\"@id\":\"https:\/\/2dscanner.com\/fr\/#organization\"},\"potentialAction\":[{\"@type\":\"SearchAction\",\"target\":{\"@type\":\"EntryPoint\",\"urlTemplate\":\"https:\/\/2dscanner.com\/fr\/?s={search_term_string}\"},\"query-input\":{\"@type\":\"PropertyValueSpecification\",\"valueRequired\":true,\"valueName\":\"search_term_string\"}}],\"inLanguage\":\"fr-FR\"},{\"@type\":\"Organization\",\"@id\":\"https:\/\/2dscanner.com\/fr\/#organization\",\"name\":\"2D Scanner\",\"url\":\"https:\/\/2dscanner.com\/fr\/\",\"logo\":{\"@type\":\"ImageObject\",\"inLanguage\":\"fr-FR\",\"@id\":\"https:\/\/2dscanner.com\/fr\/#\/schema\/logo\/image\/\",\"url\":\"https:\/\/2dscanner.com\/wp-content\/uploads\/2020\/06\/2DS-logo-blk.png\",\"contentUrl\":\"https:\/\/2dscanner.com\/wp-content\/uploads\/2020\/06\/2DS-logo-blk.png\",\"width\":248,\"height\":69,\"caption\":\"2D Scanner\"},\"image\":{\"@id\":\"https:\/\/2dscanner.com\/fr\/#\/schema\/logo\/image\/\"},\"sameAs\":[\"https:\/\/www.facebook.com\/2dscanner\/\",\"https:\/\/www.linkedin.com\/company\/2dscanner\/\",\"https:\/\/www.tiktok.com\/@2d_scanner\",\"https:\/\/www.instagram.com\/2dscanner\/\"]}]}<\/script>\n<!-- \/ Yoast SEO Premium plugin. -->","yoast_head_json":{"title":"2DScanner EVO - 2D Scanner","description":"2D Scanner laser pour l'int\u00e9rieur - l'outil id\u00e9al pour les architectes, les ing\u00e9nieurs civils, les g\u00e9om\u00e8tres, les charpentiers et autres professionnels qui ont besoin de mesures pr\u00e9cises. Ne manquez rien. Payez une fois, scannez pour toujours.","robots":{"index":"index","follow":"follow","max-snippet":"max-snippet:-1","max-image-preview":"max-image-preview:large","max-video-preview":"max-video-preview:-1"},"canonical":"https:\/\/2dscanner.com\/fr\/produit\/2dscanner-evo\/","og_locale":"fr_FR","og_type":"article","og_title":"2DScanner EVO","og_description":"2D Scanner laser pour l'int\u00e9rieur - l'outil id\u00e9al pour les architectes, les ing\u00e9nieurs civils, les g\u00e9om\u00e8tres, les charpentiers et autres professionnels qui ont besoin de mesures pr\u00e9cises. Ne manquez rien. Payez une fois, scannez pour toujours.","og_url":"https:\/\/2dscanner.com\/fr\/produit\/2dscanner-evo\/","og_site_name":"2D Scanner","article_publisher":"https:\/\/www.facebook.com\/2dscanner\/","article_modified_time":"2026-04-10T10:21:59+00:00","og_image":[{"width":2000,"height":2000,"url":"https:\/\/2dscanner.com\/wp-content\/uploads\/2024\/06\/2D-Scanner-EVO-prod4_wht.png","type":"image\/png"}],"twitter_card":"summary_large_image","twitter_misc":{"Dur\u00e9e de lecture estim\u00e9e":"2 minutes"},"schema":{"@context":"https:\/\/schema.org","@graph":[{"@type":"WebPage","@id":"https:\/\/2dscanner.com\/fr\/produit\/2dscanner-evo\/","url":"https:\/\/2dscanner.com\/fr\/produit\/2dscanner-evo\/","name":"2DScanner EVO - 2D Scanner","isPartOf":{"@id":"https:\/\/2dscanner.com\/fr\/#website"},"primaryImageOfPage":{"@id":"https:\/\/2dscanner.com\/fr\/produit\/2dscanner-evo\/#primaryimage"},"image":{"@id":"https:\/\/2dscanner.com\/fr\/produit\/2dscanner-evo\/#primaryimage"},"thumbnailUrl":"https:\/\/2dscanner.com\/wp-content\/uploads\/2024\/06\/2D-Scanner-EVO-prod4_wht.png","datePublished":"2024-05-02T15:10:41+00:00","dateModified":"2026-04-10T10:21:59+00:00","description":"2D Scanner laser pour l'int\u00e9rieur - l'outil id\u00e9al pour les architectes, les ing\u00e9nieurs civils, les g\u00e9om\u00e8tres, les charpentiers et autres professionnels qui ont besoin de mesures pr\u00e9cises. Ne manquez rien. Payez une fois, scannez pour toujours.","breadcrumb":{"@id":"https:\/\/2dscanner.com\/fr\/produit\/2dscanner-evo\/#breadcrumb"},"inLanguage":"fr-FR","potentialAction":[{"@type":"ReadAction","target":["https:\/\/2dscanner.com\/fr\/produit\/2dscanner-evo\/"]}]},{"@type":"ImageObject","inLanguage":"fr-FR","@id":"https:\/\/2dscanner.com\/fr\/produit\/2dscanner-evo\/#primaryimage","url":"https:\/\/2dscanner.com\/wp-content\/uploads\/2024\/06\/2D-Scanner-EVO-prod4_wht.png","contentUrl":"https:\/\/2dscanner.com\/wp-content\/uploads\/2024\/06\/2D-Scanner-EVO-prod4_wht.png","width":2000,"height":2000,"caption":"2Dscanner EVO Laser"},{"@type":"BreadcrumbList","@id":"https:\/\/2dscanner.com\/fr\/produit\/2dscanner-evo\/#breadcrumb","itemListElement":[{"@type":"ListItem","position":1,"name":"Home","item":"https:\/\/2dscanner.com\/fr\/"},{"@type":"ListItem","position":2,"name":"Boutique","item":"https:\/\/2dscanner.com\/fr\/boutique\/"},{"@type":"ListItem","position":3,"name":"2DScanner EVO"}]},{"@type":"WebSite","@id":"https:\/\/2dscanner.com\/fr\/#website","url":"https:\/\/2dscanner.com\/fr\/","name":"2D Scanner","description":"Mesures 2D rapides et pr\u00e9cises","publisher":{"@id":"https:\/\/2dscanner.com\/fr\/#organization"},"potentialAction":[{"@type":"SearchAction","target":{"@type":"EntryPoint","urlTemplate":"https:\/\/2dscanner.com\/fr\/?s={search_term_string}"},"query-input":{"@type":"PropertyValueSpecification","valueRequired":true,"valueName":"search_term_string"}}],"inLanguage":"fr-FR"},{"@type":"Organization","@id":"https:\/\/2dscanner.com\/fr\/#organization","name":"2D Scanner","url":"https:\/\/2dscanner.com\/fr\/","logo":{"@type":"ImageObject","inLanguage":"fr-FR","@id":"https:\/\/2dscanner.com\/fr\/#\/schema\/logo\/image\/","url":"https:\/\/2dscanner.com\/wp-content\/uploads\/2020\/06\/2DS-logo-blk.png","contentUrl":"https:\/\/2dscanner.com\/wp-content\/uploads\/2020\/06\/2DS-logo-blk.png","width":248,"height":69,"caption":"2D Scanner"},"image":{"@id":"https:\/\/2dscanner.com\/fr\/#\/schema\/logo\/image\/"},"sameAs":["https:\/\/www.facebook.com\/2dscanner\/","https:\/\/www.linkedin.com\/company\/2dscanner\/","https:\/\/www.tiktok.com\/@2d_scanner","https:\/\/www.instagram.com\/2dscanner\/"]}]}},"_links":{"self":[{"href":"https:\/\/2dscanner.com\/fr\/wp-json\/wp\/v2\/product\/2674","targetHints":{"allow":["GET"]}}],"collection":[{"href":"https:\/\/2dscanner.com\/fr\/wp-json\/wp\/v2\/product"}],"about":[{"href":"https:\/\/2dscanner.com\/fr\/wp-json\/wp\/v2\/types\/product"}],"replies":[{"embeddable":true,"href":"https:\/\/2dscanner.com\/fr\/wp-json\/wp\/v2\/comments?post=2674"}],"wp:featuredmedia":[{"embeddable":true,"href":"https:\/\/2dscanner.com\/fr\/wp-json\/wp\/v2\/media\/3063"}],"wp:attachment":[{"href":"https:\/\/2dscanner.com\/fr\/wp-json\/wp\/v2\/media?parent=2674"}],"wp:term":[{"taxonomy":"product_brand","embeddable":true,"href":"https:\/\/2dscanner.com\/fr\/wp-json\/wp\/v2\/product_brand?post=2674"},{"taxonomy":"product_cat","embeddable":true,"href":"https:\/\/2dscanner.com\/fr\/wp-json\/wp\/v2\/product_cat?post=2674"},{"taxonomy":"product_tag","embeddable":true,"href":"https:\/\/2dscanner.com\/fr\/wp-json\/wp\/v2\/product_tag?post=2674"}],"curies":[{"name":"wp","href":"https:\/\/api.w.org\/{rel}","templated":true}]}}