{"id":6168,"date":"2025-10-03T21:31:51","date_gmt":"2025-10-03T18:31:51","guid":{"rendered":"https:\/\/2dscanner.com\/product\/trepied-robuste\/"},"modified":"2026-02-05T19:37:59","modified_gmt":"2026-02-05T16:37:59","slug":"trepied-robuste","status":"publish","type":"product","link":"https:\/\/2dscanner.com\/fr\/produit\/trepied-robuste\/","title":{"rendered":"Tr\u00e9pied robuste"},"content":{"rendered":"<p data-start=\"100\" data-end=\"138\"><strong data-start=\"100\" data-end=\"136\">Le tr\u00e9pied parfait pour le 2Dscanner<\/strong><\/p>\n<p data-start=\"140\" data-end=\"280\">Con\u00e7u sp\u00e9cialement pour compl\u00e9ter le 2Dscanner, ce tr\u00e9pied allie robustesse, pr\u00e9cision et commodit\u00e9 en une seule solution professionnelle.<\/p>\n<ul data-start=\"282\" data-end=\"942\">\n<li data-start=\"282\" data-end=\"390\">\n<p data-start=\"284\" data-end=\"390\"><strong data-start=\"284\" data-end=\"318\">Hauteur \u00e9tendue &#8211; jusqu&rsquo;\u00e0 263 cm<\/strong><br data-start=\"318\" data-end=\"321\">Scannez sans effort au-dessus des meubles, des armoires et autres obstacles.<\/p>\n<\/li>\n<li data-start=\"392\" data-end=\"540\">\n<p data-start=\"394\" data-end=\"540\"><strong data-start=\"394\" data-end=\"426\">Balayage vertical transversal<\/strong><br data-start=\"426\" data-end=\"429\">Le faisceau central tourne horizontalement, ce qui permet des balayages verticaux sans interf\u00e9rence avec les pieds du tr\u00e9pied.<\/p>\n<\/li>\n<li data-start=\"542\" data-end=\"633\">\n<p data-start=\"544\" data-end=\"633\"><strong data-start=\"544\" data-end=\"566\">Compact et portable<\/strong><br data-start=\"566\" data-end=\"569\">Se plie en 80 cm seulement, ce qui le rend facile \u00e0 transporter et \u00e0 ranger.<\/p>\n<\/li>\n<li data-start=\"635\" data-end=\"732\">\n<p data-start=\"637\" data-end=\"732\"><strong data-start=\"637\" data-end=\"658\">Sac de transport durable<\/strong><br data-start=\"658\" data-end=\"661\">Livr\u00e9 avec un sac solide et compact pour le prot\u00e9ger et le transporter facilement.<\/p>\n<\/li>\n<li data-start=\"734\" data-end=\"840\">\n<p data-start=\"736\" data-end=\"840\"><strong data-start=\"736\" data-end=\"768\">Ajustements souples et pr\u00e9cis<\/strong><br data-start=\"768\" data-end=\"771\">Un mouvement doux et contr\u00f4l\u00e9 permet un alignement rapide et pr\u00e9cis.<\/p>\n<\/li>\n<li data-start=\"842\" data-end=\"942\">\n<p data-start=\"844\" data-end=\"942\"><strong data-start=\"844\" data-end=\"870\">L\u00e9ger mais stable<\/strong><br data-start=\"870\" data-end=\"873\">Il ne p\u00e8se que 4,5 kg, ce qui lui conf\u00e8re une grande stabilit\u00e9 sans \u00eatre encombrant.<\/p>\n<\/li>\n<li data-start=\"842\" data-end=\"942\"><strong>Livraison gratuite dans le monde entier<\/strong>.<\/li>\n<\/ul>\n<p>&nbsp;<\/p>\n","protected":false},"excerpt":{"rendered":"<p><strong data-start=\"53\" data-end=\"90\">Tr\u00e9pied professionnel pour scanner 2D<\/strong><\/p>\n<p>&nbsp;<\/p>\n<ul>\n<li>Port\u00e9e jusqu&rsquo;\u00e0 263 cm pour un balayage au-dessus des obstacles.<\/li>\n<li>Il est dot\u00e9 d&rsquo;un faisceau central rotatif pour les balayages verticaux.<\/li>\n<li>Se plie en 80 cm seulement et comprend un sac de transport durable.<\/li>\n<li>R\u00e9glages souples et pr\u00e9cis.<\/li>\n<li>Il ne p\u00e8se que 4,5 kg.<\/li>\n<\/ul>\n[video width=\"720\" height=\"1280\" mp4=\"https:\/\/2dscanner.com\/wp-content\/uploads\/2026\/02\/Heavy-Duty-Aluminium-Tripod-for-2Dscanner.mp4\"][\/video]\n","protected":false},"featured_media":6137,"comment_status":"closed","ping_status":"closed","template":"","meta":[],"product_brand":[],"product_cat":[173],"product_tag":[],"class_list":{"0":"post-6168","1":"product","2":"type-product","3":"status-publish","4":"has-post-thumbnail","6":"product_cat-scanner-2d","8":"first","9":"instock","10":"taxable","11":"shipping-taxable","12":"purchasable","13":"product-type-simple"},"yoast_head":"<!-- This site is optimized with the Yoast SEO Premium plugin v25.9 (Yoast SEO v27.0) - https:\/\/yoast.com\/product\/yoast-seo-premium-wordpress\/ -->\n<title>Tr\u00e9pied robuste - 2D Scanner<\/title>\n<meta name=\"robots\" content=\"index, follow, max-snippet:-1, max-image-preview:large, max-video-preview:-1\" \/>\n<link rel=\"canonical\" href=\"https:\/\/2dscanner.com\/fr\/produit\/trepied-robuste\/\" \/>\n<meta property=\"og:locale\" content=\"fr_FR\" \/>\n<meta property=\"og:type\" content=\"article\" \/>\n<meta property=\"og:title\" content=\"Tr\u00e9pied robuste\" \/>\n<meta property=\"og:description\" content=\"Tr\u00e9pied professionnel pour scanner 2D &nbsp;  Port\u00e9e jusqu&#039;\u00e0 263 cm pour un balayage au-dessus des obstacles.  Il est dot\u00e9 d&#039;un faisceau central rotatif pour les balayages verticaux.  Se plie en 80 cm seulement et comprend un sac de transport durable.  R\u00e9glages souples et pr\u00e9cis.  Il ne p\u00e8se que 4,5 kg.\" \/>\n<meta property=\"og:url\" content=\"https:\/\/2dscanner.com\/fr\/produit\/trepied-robuste\/\" \/>\n<meta property=\"og:site_name\" content=\"2D Scanner\" \/>\n<meta property=\"article:publisher\" content=\"https:\/\/www.facebook.com\/2dscanner\/\" \/>\n<meta property=\"article:modified_time\" content=\"2026-02-05T16:37:59+00:00\" \/>\n<meta property=\"og:image\" content=\"https:\/\/2dscanner.com\/wp-content\/uploads\/2025\/10\/2Dscanner-Tripod-1-l.jpg\" \/>\n\t<meta property=\"og:image:width\" content=\"1500\" \/>\n\t<meta property=\"og:image:height\" content=\"2000\" \/>\n\t<meta property=\"og:image:type\" content=\"image\/jpeg\" \/>\n<meta name=\"twitter:card\" content=\"summary_large_image\" \/>\n<meta name=\"twitter:label1\" content=\"Dur\u00e9e de lecture estim\u00e9e\" \/>\n\t<meta name=\"twitter:data1\" content=\"1 minute\" \/>\n<script type=\"application\/ld+json\" class=\"yoast-schema-graph\">{\"@context\":\"https:\/\/schema.org\",\"@graph\":[{\"@type\":\"WebPage\",\"@id\":\"https:\/\/2dscanner.com\/fr\/produit\/trepied-robuste\/\",\"url\":\"https:\/\/2dscanner.com\/fr\/produit\/trepied-robuste\/\",\"name\":\"Tr\u00e9pied robuste - 2D Scanner\",\"isPartOf\":{\"@id\":\"https:\/\/2dscanner.com\/fr\/#website\"},\"primaryImageOfPage\":{\"@id\":\"https:\/\/2dscanner.com\/fr\/produit\/trepied-robuste\/#primaryimage\"},\"image\":{\"@id\":\"https:\/\/2dscanner.com\/fr\/produit\/trepied-robuste\/#primaryimage\"},\"thumbnailUrl\":\"https:\/\/2dscanner.com\/wp-content\/uploads\/2025\/10\/2Dscanner-Tripod-1-l.jpg\",\"datePublished\":\"2025-10-03T18:31:51+00:00\",\"dateModified\":\"2026-02-05T16:37:59+00:00\",\"breadcrumb\":{\"@id\":\"https:\/\/2dscanner.com\/fr\/produit\/trepied-robuste\/#breadcrumb\"},\"inLanguage\":\"fr-FR\",\"potentialAction\":[{\"@type\":\"ReadAction\",\"target\":[\"https:\/\/2dscanner.com\/fr\/produit\/trepied-robuste\/\"]}]},{\"@type\":\"ImageObject\",\"inLanguage\":\"fr-FR\",\"@id\":\"https:\/\/2dscanner.com\/fr\/produit\/trepied-robuste\/#primaryimage\",\"url\":\"https:\/\/2dscanner.com\/wp-content\/uploads\/2025\/10\/2Dscanner-Tripod-1-l.jpg\",\"contentUrl\":\"https:\/\/2dscanner.com\/wp-content\/uploads\/2025\/10\/2Dscanner-Tripod-1-l.jpg\",\"width\":1500,\"height\":2000,\"caption\":\"Tr\u00e9pied pour scanner 2D.\"},{\"@type\":\"BreadcrumbList\",\"@id\":\"https:\/\/2dscanner.com\/fr\/produit\/trepied-robuste\/#breadcrumb\",\"itemListElement\":[{\"@type\":\"ListItem\",\"position\":1,\"name\":\"Home\",\"item\":\"https:\/\/2dscanner.com\/fr\/\"},{\"@type\":\"ListItem\",\"position\":2,\"name\":\"Boutique\",\"item\":\"https:\/\/2dscanner.com\/fr\/boutique\/\"},{\"@type\":\"ListItem\",\"position\":3,\"name\":\"Tr\u00e9pied robuste\"}]},{\"@type\":\"WebSite\",\"@id\":\"https:\/\/2dscanner.com\/fr\/#website\",\"url\":\"https:\/\/2dscanner.com\/fr\/\",\"name\":\"2D Scanner\",\"description\":\"Mesures 2D rapides et pr\u00e9cises\",\"publisher\":{\"@id\":\"https:\/\/2dscanner.com\/fr\/#organization\"},\"potentialAction\":[{\"@type\":\"SearchAction\",\"target\":{\"@type\":\"EntryPoint\",\"urlTemplate\":\"https:\/\/2dscanner.com\/fr\/?s={search_term_string}\"},\"query-input\":{\"@type\":\"PropertyValueSpecification\",\"valueRequired\":true,\"valueName\":\"search_term_string\"}}],\"inLanguage\":\"fr-FR\"},{\"@type\":\"Organization\",\"@id\":\"https:\/\/2dscanner.com\/fr\/#organization\",\"name\":\"2D Scanner\",\"url\":\"https:\/\/2dscanner.com\/fr\/\",\"logo\":{\"@type\":\"ImageObject\",\"inLanguage\":\"fr-FR\",\"@id\":\"https:\/\/2dscanner.com\/fr\/#\/schema\/logo\/image\/\",\"url\":\"https:\/\/2dscanner.com\/wp-content\/uploads\/2020\/06\/2DS-logo-blk.png\",\"contentUrl\":\"https:\/\/2dscanner.com\/wp-content\/uploads\/2020\/06\/2DS-logo-blk.png\",\"width\":248,\"height\":69,\"caption\":\"2D Scanner\"},\"image\":{\"@id\":\"https:\/\/2dscanner.com\/fr\/#\/schema\/logo\/image\/\"},\"sameAs\":[\"https:\/\/www.facebook.com\/2dscanner\/\",\"https:\/\/www.linkedin.com\/company\/2dscanner\/\",\"https:\/\/www.tiktok.com\/@2d_scanner\",\"https:\/\/www.instagram.com\/2dscanner\/\"]}]}<\/script>\n<!-- \/ Yoast SEO Premium plugin. -->","yoast_head_json":{"title":"Tr\u00e9pied robuste - 2D Scanner","robots":{"index":"index","follow":"follow","max-snippet":"max-snippet:-1","max-image-preview":"max-image-preview:large","max-video-preview":"max-video-preview:-1"},"canonical":"https:\/\/2dscanner.com\/fr\/produit\/trepied-robuste\/","og_locale":"fr_FR","og_type":"article","og_title":"Tr\u00e9pied robuste","og_description":"Tr\u00e9pied professionnel pour scanner 2D &nbsp;  Port\u00e9e jusqu'\u00e0 263 cm pour un balayage au-dessus des obstacles.  Il est dot\u00e9 d'un faisceau central rotatif pour les balayages verticaux.  Se plie en 80 cm seulement et comprend un sac de transport durable.  R\u00e9glages souples et pr\u00e9cis.  Il ne p\u00e8se que 4,5 kg.","og_url":"https:\/\/2dscanner.com\/fr\/produit\/trepied-robuste\/","og_site_name":"2D Scanner","article_publisher":"https:\/\/www.facebook.com\/2dscanner\/","article_modified_time":"2026-02-05T16:37:59+00:00","og_image":[{"width":1500,"height":2000,"url":"https:\/\/2dscanner.com\/wp-content\/uploads\/2025\/10\/2Dscanner-Tripod-1-l.jpg","type":"image\/jpeg"}],"twitter_card":"summary_large_image","twitter_misc":{"Dur\u00e9e de lecture estim\u00e9e":"1 minute"},"schema":{"@context":"https:\/\/schema.org","@graph":[{"@type":"WebPage","@id":"https:\/\/2dscanner.com\/fr\/produit\/trepied-robuste\/","url":"https:\/\/2dscanner.com\/fr\/produit\/trepied-robuste\/","name":"Tr\u00e9pied robuste - 2D Scanner","isPartOf":{"@id":"https:\/\/2dscanner.com\/fr\/#website"},"primaryImageOfPage":{"@id":"https:\/\/2dscanner.com\/fr\/produit\/trepied-robuste\/#primaryimage"},"image":{"@id":"https:\/\/2dscanner.com\/fr\/produit\/trepied-robuste\/#primaryimage"},"thumbnailUrl":"https:\/\/2dscanner.com\/wp-content\/uploads\/2025\/10\/2Dscanner-Tripod-1-l.jpg","datePublished":"2025-10-03T18:31:51+00:00","dateModified":"2026-02-05T16:37:59+00:00","breadcrumb":{"@id":"https:\/\/2dscanner.com\/fr\/produit\/trepied-robuste\/#breadcrumb"},"inLanguage":"fr-FR","potentialAction":[{"@type":"ReadAction","target":["https:\/\/2dscanner.com\/fr\/produit\/trepied-robuste\/"]}]},{"@type":"ImageObject","inLanguage":"fr-FR","@id":"https:\/\/2dscanner.com\/fr\/produit\/trepied-robuste\/#primaryimage","url":"https:\/\/2dscanner.com\/wp-content\/uploads\/2025\/10\/2Dscanner-Tripod-1-l.jpg","contentUrl":"https:\/\/2dscanner.com\/wp-content\/uploads\/2025\/10\/2Dscanner-Tripod-1-l.jpg","width":1500,"height":2000,"caption":"Tr\u00e9pied pour scanner 2D."},{"@type":"BreadcrumbList","@id":"https:\/\/2dscanner.com\/fr\/produit\/trepied-robuste\/#breadcrumb","itemListElement":[{"@type":"ListItem","position":1,"name":"Home","item":"https:\/\/2dscanner.com\/fr\/"},{"@type":"ListItem","position":2,"name":"Boutique","item":"https:\/\/2dscanner.com\/fr\/boutique\/"},{"@type":"ListItem","position":3,"name":"Tr\u00e9pied robuste"}]},{"@type":"WebSite","@id":"https:\/\/2dscanner.com\/fr\/#website","url":"https:\/\/2dscanner.com\/fr\/","name":"2D Scanner","description":"Mesures 2D rapides et pr\u00e9cises","publisher":{"@id":"https:\/\/2dscanner.com\/fr\/#organization"},"potentialAction":[{"@type":"SearchAction","target":{"@type":"EntryPoint","urlTemplate":"https:\/\/2dscanner.com\/fr\/?s={search_term_string}"},"query-input":{"@type":"PropertyValueSpecification","valueRequired":true,"valueName":"search_term_string"}}],"inLanguage":"fr-FR"},{"@type":"Organization","@id":"https:\/\/2dscanner.com\/fr\/#organization","name":"2D Scanner","url":"https:\/\/2dscanner.com\/fr\/","logo":{"@type":"ImageObject","inLanguage":"fr-FR","@id":"https:\/\/2dscanner.com\/fr\/#\/schema\/logo\/image\/","url":"https:\/\/2dscanner.com\/wp-content\/uploads\/2020\/06\/2DS-logo-blk.png","contentUrl":"https:\/\/2dscanner.com\/wp-content\/uploads\/2020\/06\/2DS-logo-blk.png","width":248,"height":69,"caption":"2D Scanner"},"image":{"@id":"https:\/\/2dscanner.com\/fr\/#\/schema\/logo\/image\/"},"sameAs":["https:\/\/www.facebook.com\/2dscanner\/","https:\/\/www.linkedin.com\/company\/2dscanner\/","https:\/\/www.tiktok.com\/@2d_scanner","https:\/\/www.instagram.com\/2dscanner\/"]}]}},"_links":{"self":[{"href":"https:\/\/2dscanner.com\/fr\/wp-json\/wp\/v2\/product\/6168","targetHints":{"allow":["GET"]}}],"collection":[{"href":"https:\/\/2dscanner.com\/fr\/wp-json\/wp\/v2\/product"}],"about":[{"href":"https:\/\/2dscanner.com\/fr\/wp-json\/wp\/v2\/types\/product"}],"replies":[{"embeddable":true,"href":"https:\/\/2dscanner.com\/fr\/wp-json\/wp\/v2\/comments?post=6168"}],"wp:featuredmedia":[{"embeddable":true,"href":"https:\/\/2dscanner.com\/fr\/wp-json\/wp\/v2\/media\/6137"}],"wp:attachment":[{"href":"https:\/\/2dscanner.com\/fr\/wp-json\/wp\/v2\/media?parent=6168"}],"wp:term":[{"taxonomy":"product_brand","embeddable":true,"href":"https:\/\/2dscanner.com\/fr\/wp-json\/wp\/v2\/product_brand?post=6168"},{"taxonomy":"product_cat","embeddable":true,"href":"https:\/\/2dscanner.com\/fr\/wp-json\/wp\/v2\/product_cat?post=6168"},{"taxonomy":"product_tag","embeddable":true,"href":"https:\/\/2dscanner.com\/fr\/wp-json\/wp\/v2\/product_tag?post=6168"}],"curies":[{"name":"wp","href":"https:\/\/api.w.org\/{rel}","templated":true}]}}