{"id":2677,"date":"2024-05-02T18:10:41","date_gmt":"2024-05-02T15:10:41","guid":{"rendered":"https:\/\/2dscanner.com\/product\/2dscanner-evo\/"},"modified":"2026-03-31T11:49:20","modified_gmt":"2026-03-31T08:49:20","slug":"2dscanner-evo","status":"publish","type":"product","link":"https:\/\/2dscanner.com\/it\/prodotto\/2dscanner-evo\/","title":{"rendered":"2DScanner EVO"},"content":{"rendered":"<div class=\"wpb-content-wrapper\">[vc_section full_width=&#8221;stretch_row_content&#8221; css=&#8221;.vc_custom_1695648799232{padding-top: 10vh !important;padding-bottom: 10vh !important;background-color: #f2f3f6 !important;}&#8221; el_id=&#8221;features&#8221;][vc_row thb_full_width=&#8221;true&#8221; el_class=&#8221;align-center&#8221;][vc_column offset=&#8221;vc_col-lg-8 vc_col-md-10&#8243; el_class=&#8221;text-center&#8221;]\t<div id=\"thb-slidetype-69d0e97bf1a38\" class=\"thb-slidetype text-center\" data-style=\"style1\">\n\t\t\n<h3><span class=\"thb-slidetype-entry\"><span class=\"lines\">Misurazioni 2D ultraveloci e precise<\/span><\/span><\/h3>\n\t\t\t<\/div>\n\n\t[vc_empty_space height=&#8221;25px&#8221;][\/vc_column][\/vc_row][vc_row css=&#8221;.vc_custom_1714728986459{padding-right: 6vh !important;padding-left: 6vh !important;}&#8221;][vc_column width=&#8221;1\/2&#8243;][vc_column_text]\n<ul>\n<li><strong>Scansione automatica:<\/strong> Il 2D Scanner avvia automaticamente la scansione e si arresta al completamento del ciclo. Durante questo processo, l\u2019utente pu\u00f2 controllare solo il passo di scansione e pu\u00f2 interrompere l\u2019operazione prima del completamento. \u00c8 disponibile un\u2019opzione per preimpostare l\u2019inizio e la fine della scansione.<\/li>\n<li><strong>Scansione combinata:<\/strong> L\u2019utente ha il pieno controllo del dispositivo. Pu\u00f2 scansionare aree o singoli punti, rieseguire la scansione della stessa area e combinare due scansioni.<\/li>\n<li><strong>Utilizzabile come semplice distanziometro:<\/strong> Il 2D Scanner pu\u00f2 funzionare anche come un semplice misuratore laser di distanza.<\/li>\n<\/ul>\n[\/vc_column_text][\/vc_column][vc_column width=&#8221;1\/2&#8243;][vc_column_text]\n<ul>\n<li><strong>Nube di punti:<\/strong> La nube di punti del 2D Scanner \u00e8 composta da punti discreti e non da punti distribuiti casualmente. Questo garantisce precisione e facilit\u00e0 d\u2019uso. Quando vengono rilevate linee rette, l\u2019applicazione le visualizza e le esporta in formato DXF.<\/li>\n<li><strong>Combinazione delle scansioni:<\/strong> Il 2D Scanner pu\u00f2 combinare scansioni consecutive utilizzando punti di riferimento definiti dall\u2019utente.<\/li>\n<li><strong>Scansione verticale:<\/strong> S\u00ec. Pu\u00f2 essere eseguita in verticale o con inclinazione. Il 2D Scanner \u00e8 dotato di un accelerometro ad alta precisione. Le scansioni orizzontali vengono corrette automaticamente come se il dispositivo fosse perfettamente allineato. Le scansioni verticali o inclinate vengono rilevate automaticamente.<\/li>\n<\/ul>\n[\/vc_column_text][\/vc_column][\/vc_row][\/vc_section][vc_section full_width=&#8221;stretch_row&#8221; css=&#8221;.vc_custom_1695649014080{padding-top: 10vh !important;padding-bottom: 10vh !important;}&#8221;][vc_row thb_full_width=&#8221;true&#8221; thb_row_padding=&#8221;true&#8221; thb_column_padding=&#8221;true&#8221; css=&#8221;.vc_custom_1695648650294{padding-top: 100px !important;padding-bottom: 100px !important;}&#8221;][vc_column][vc_row_inner][vc_column_inner el_class=&#8221;text-center&#8221;]\t<div id=\"thb-slidetype-69d0e97bf1a8f\" class=\"thb-slidetype \" data-style=\"style1\">\n\t\t\n<h3><span class=\"thb-slidetype-entry\"><span class=\"lines\">Perch\u00e9 scegliere il 2D Scanner<\/span><\/span><\/h3>\n\t\t\t\t<style>\n\t\t\t#thb-slidetype-69d0e97bf1a8f .thb-slidetype-entry {\n\t\t\t\tcolor: #000000;\n\t\t\t}\n\t\t<\/style>\n\t\t\t<\/div>\n\n\t[vc_column_text css=&#8221;&#8221;]<span style=\"color: #121212; font-size: 20px;\">La soluzione pi\u00f9 intelligente per la misurazione laser e la scansione degli interni.<\/span>[\/vc_column_text][\/vc_column_inner][\/vc_row_inner][vc_row_inner css=&#8221;.vc_custom_1594930308169{padding-bottom: 60px !important;}&#8221;][vc_column_inner width=&#8221;1\/4&#8243;]\t<div id=\"thb-iconbox-69d0e97bf1ae3\" class=\"thb-iconbox top type8  has-img  text-left animation-true\" href=\"\" target=\"_self\" data-animation_speed=\"1.5\">\n\t\t\t\t<figure>\n\t\t\t\t\t\t\t<div class=\"iconbox-image\">\n\t\t\t\t\t<img loading=\"lazy\" decoding=\"async\" width=\"194\" height=\"172\" src=\"image\/gif;base64,R0lGODlhAQABAAAAACH5BAEKAAEALAAAAAABAAEAAAICTAEAOw==\" class=\"thb_image retina_size attachment-full thb-lazyload lazyload\" alt=\"\" title=\"icon2\" data-src=\"https:\/\/2dscanner.com\/wp-content\/uploads\/2020\/07\/icon2.png\" data-sizes=\"auto\" data-srcset=\"https:\/\/2dscanner.com\/wp-content\/uploads\/2020\/07\/icon2.png 194w, https:\/\/2dscanner.com\/wp-content\/uploads\/2020\/07\/icon2-20x18.png 20w, https:\/\/2dscanner.com\/wp-content\/uploads\/2020\/07\/icon2-190x168.png 190w\" \/>\t\t\t\t\t\t\t\t\t<\/div>\n\t\t\t\t\t\t\t\t\t\t\t\t<\/figure>\n\t\t\t\t<div class=\"iconbox-content\">\n\t\t\t\t\t\t\t<h5>Risparmia tempo e denaro<\/h5>\t\t\t<p>Prezzo accessibile. Nessun costo di manutenzione. Risparmio di tempo sul campo.<\/p>\n\t\t\t\t\t<\/div>\n\t\t<style>\n\t\t\t\t\t\t\t\t\t\t\t\t\t\t\t\t\t\t\t\t\t\t\t\t\/* Hover *\/\n\t\t\t\t\t\t\t\t\t#thb-iconbox-69d0e97bf1ae3.thb-iconbox:hover .iconbox-content h5,\n\t\t\t#thb-iconbox-69d0e97bf1ae3.thb-iconbox figure h5 {\n\t\t\t\tcolor: #ff431c;\n\t\t\t}\n\t\t\t\t\t\t\t\t<\/style>\n\t<\/div>\n\t[vc_empty_space mobile_height=&#8221;20px&#8221; height=&#8221;42px&#8221;][\/vc_column_inner][vc_column_inner width=&#8221;1\/4&#8243;]\t<div id=\"thb-iconbox-69d0e97bf201a\" class=\"thb-iconbox top type8  has-img  text-left animation-true\" href=\"\" target=\"_self\" data-animation_speed=\"1.5\">\n\t\t\t\t<figure>\n\t\t\t\t\t\t\t<div class=\"iconbox-image\">\n\t\t\t\t\t<img loading=\"lazy\" decoding=\"async\" width=\"194\" height=\"172\" src=\"image\/gif;base64,R0lGODlhAQABAAAAACH5BAEKAAEALAAAAAABAAEAAAICTAEAOw==\" class=\"thb_image retina_size attachment-full thb-lazyload lazyload\" alt=\"\" title=\"icon1-2\" data-src=\"https:\/\/2dscanner.com\/wp-content\/uploads\/2020\/07\/icon1-2.png\" data-sizes=\"auto\" data-srcset=\"https:\/\/2dscanner.com\/wp-content\/uploads\/2020\/07\/icon1-2.png 194w, https:\/\/2dscanner.com\/wp-content\/uploads\/2020\/07\/icon1-2-20x18.png 20w, https:\/\/2dscanner.com\/wp-content\/uploads\/2020\/07\/icon1-2-190x168.png 190w\" \/>\t\t\t\t\t\t\t\t\t<\/div>\n\t\t\t\t\t\t\t\t\t\t\t\t<\/figure>\n\t\t\t\t<div class=\"iconbox-content\">\n\t\t\t\t\t\t\t<h5>Misurazioni precise<\/h5>\t\t\t<p>Non perdere mai una misura ed evita errori costosi.<\/p>\n\t\t\t\t\t<\/div>\n\t\t<style>\n\t\t\t\t\t\t\t\t\t\t\t\t\t\t\t\t\t\t\t\t\t\t\t\t\/* Hover *\/\n\t\t\t\t\t\t\t\t\t#thb-iconbox-69d0e97bf201a.thb-iconbox:hover .iconbox-content h5,\n\t\t\t#thb-iconbox-69d0e97bf201a.thb-iconbox figure h5 {\n\t\t\t\tcolor: #ff431c;\n\t\t\t}\n\t\t\t\t\t\t\t\t<\/style>\n\t<\/div>\n\t[vc_empty_space mobile_height=&#8221;20px&#8221; height=&#8221;42px&#8221;][\/vc_column_inner][vc_column_inner width=&#8221;1\/4&#8243;]\t<div id=\"thb-iconbox-69d0e97bf23b7\" class=\"thb-iconbox top type8  has-img  text-left animation-true\" href=\"\" target=\"_self\" data-animation_speed=\"1.5\">\n\t\t\t\t<figure>\n\t\t\t\t\t\t\t<div class=\"iconbox-image\">\n\t\t\t\t\t<img loading=\"lazy\" decoding=\"async\" width=\"194\" height=\"172\" src=\"image\/gif;base64,R0lGODlhAQABAAAAACH5BAEKAAEALAAAAAABAAEAAAICTAEAOw==\" class=\"thb_image retina_size attachment-full thb-lazyload lazyload\" alt=\"\" title=\"icon4\" data-src=\"https:\/\/2dscanner.com\/wp-content\/uploads\/2020\/07\/icon4.png\" data-sizes=\"auto\" data-srcset=\"https:\/\/2dscanner.com\/wp-content\/uploads\/2020\/07\/icon4.png 194w, https:\/\/2dscanner.com\/wp-content\/uploads\/2020\/07\/icon4-20x18.png 20w, https:\/\/2dscanner.com\/wp-content\/uploads\/2020\/07\/icon4-190x168.png 190w\" \/>\t\t\t\t\t\t\t\t\t<\/div>\n\t\t\t\t\t\t\t\t\t\t\t\t<\/figure>\n\t\t\t\t<div class=\"iconbox-content\">\n\t\t\t\t\t\t\t<h5>Facile da usare<\/h5>\t\t\t<p>Formato compatto e portatile. Facile da trasportare. Installazione e configurazione rapide in loco.<\/p>\n\t\t\t\t\t<\/div>\n\t\t<style>\n\t\t\t\t\t\t\t\t\t\t\t\t\t\t\t\t\t\t\t\t\t\t\t\t\/* Hover *\/\n\t\t\t\t\t\t\t\t\t#thb-iconbox-69d0e97bf23b7.thb-iconbox:hover .iconbox-content h5,\n\t\t\t#thb-iconbox-69d0e97bf23b7.thb-iconbox figure h5 {\n\t\t\t\tcolor: #ff431c;\n\t\t\t}\n\t\t\t\t\t\t\t\t<\/style>\n\t<\/div>\n\t[vc_empty_space mobile_height=&#8221;20px&#8221; height=&#8221;42px&#8221;][\/vc_column_inner][vc_column_inner width=&#8221;1\/4&#8243;]\t<div id=\"thb-iconbox-69d0e97bf2712\" class=\"thb-iconbox top type8  has-img  text-left animation-true\" href=\"\" target=\"_self\" data-animation_speed=\"1.5\">\n\t\t\t\t<figure>\n\t\t\t\t\t\t\t<div class=\"iconbox-image\">\n\t\t\t\t\t<img loading=\"lazy\" decoding=\"async\" width=\"194\" height=\"172\" src=\"image\/gif;base64,R0lGODlhAQABAAAAACH5BAEKAAEALAAAAAABAAEAAAICTAEAOw==\" class=\"thb_image retina_size attachment-full thb-lazyload lazyload\" alt=\"\" title=\"icon3\" data-src=\"https:\/\/2dscanner.com\/wp-content\/uploads\/2020\/07\/icon3.png\" data-sizes=\"auto\" data-srcset=\"https:\/\/2dscanner.com\/wp-content\/uploads\/2020\/07\/icon3.png 194w, https:\/\/2dscanner.com\/wp-content\/uploads\/2020\/07\/icon3-20x18.png 20w, https:\/\/2dscanner.com\/wp-content\/uploads\/2020\/07\/icon3-190x168.png 190w\" \/>\t\t\t\t\t\t\t\t\t<\/div>\n\t\t\t\t\t\t\t\t\t\t\t\t<\/figure>\n\t\t\t\t<div class=\"iconbox-content\">\n\t\t\t\t\t\t\t<h5>App per dispositivi mobili<\/h5>\t\t\t<p>Esporta le misurazioni in file DXF e TXT, compatibili con qualsiasi applicazione CAD.<\/p>\n\t\t\t\t\t<\/div>\n\t\t<style>\n\t\t\t\t\t\t\t\t\t\t\t\t\t\t\t\t\t\t\t\t\t\t\t\t\/* Hover *\/\n\t\t\t\t\t\t\t\t\t#thb-iconbox-69d0e97bf2712.thb-iconbox:hover .iconbox-content h5,\n\t\t\t#thb-iconbox-69d0e97bf2712.thb-iconbox figure h5 {\n\t\t\t\tcolor: #ff431c;\n\t\t\t}\n\t\t\t\t\t\t\t\t<\/style>\n\t<\/div>\n\t[vc_empty_space mobile_height=&#8221;20px&#8221; height=&#8221;42px&#8221;][\/vc_column_inner][\/vc_row_inner][vc_row_inner thb_column_padding=&#8221;true&#8221;][vc_column_inner el_class=&#8221;text-center&#8221;]\t<div id=\"thb-slidetype-69d0e97bf2a79\" class=\"thb-slidetype \" data-style=\"style1\">\n\t\t\n<h3><span class=\"thb-slidetype-entry\"><span class=\"lines\">Ideale per<\/span><\/span><\/h3>\n\t\t\t\t<style>\n\t\t\t#thb-slidetype-69d0e97bf2a79 .thb-slidetype-entry {\n\t\t\t\tcolor: #000000;\n\t\t\t}\n\t\t<\/style>\n\t\t\t<\/div>\n\n\t\t<div id=\"thb-freescroll-359\" class=\"thb-freescroll free-scroll-center regular-padding thb-adaptive-height thb-freescroll-text   \" data-direction=\"thb-right-to-left\" data-pause=\"\">\n\t\t\t\t\t\t<div class=\"small-12 columns text-content\">\n\t\t\t\t\n<h4>Architetti, ingegneri, interior designer, edilizia residenziale e artigianale, produttori di superfici in vetro, produttori di mobili e costruzioni speciali.<\/h4>\n\t\t\t\t<\/div>\n\t\t<div class=\"small-12 columns text-content\">\n\t\t\t\t\n<h4>Architetti, ingegneri, interior designer, edilizia residenziale e artigianale, produttori di superfici in vetro, produttori di mobili e costruzioni speciali.<\/h4>\n\t\t\t\t<\/div>\n\t\t\t\t\t<\/div>\n\t[vc_empty_space mobile_height=&#8221;15px&#8221; height=&#8221;15px&#8221;]\t<a id=\"thb-button-69d0e97bf32e2\" class=\"btn style2 small  accent pill-radius    arrow-enabled\" href=\"https:\/\/2dscanner.com\/about\/\" target=\"_self\" role=\"button\">\n\t\t\t\t\t<span>LEGGI DI PI\u00d9<\/span>\n\t<svg xmlns=\"http:\/\/www.w3.org\/2000\/svg\" xmlns:xlink=\"http:\/\/www.w3.org\/1999\/xlink\" x=\"0px\" y=\"0px\"\r\n\t width=\"30px\" height=\"18px\" viewBox=\"0 0 30 18\" enable-background=\"new 0 0 30 18\" xml:space=\"preserve\">\r\n<path class=\"handle\" d=\"M20.305,16.212c-0.407,0.409-0.407,1.071,0,1.479s1.068,0.408,1.476,0l7.914-7.952c0.408-0.409,0.408-1.071,0-1.481\r\n\tl-7.914-7.952c-0.407-0.409-1.068-0.409-1.476,0s-0.407,1.071,0,1.48l7.185,7.221L20.305,16.212z\"\/>\r\n<path class=\"bar\" fill-rule=\"evenodd\" clip-rule=\"evenodd\" d=\"M1,8h28.001c0.551,0,1,0.448,1,1c0,0.553-0.449,1-1,1H1c-0.553,0-1-0.447-1-1\r\n\tC0,8.448,0.447,8,1,8z\"\/>\r\n<\/svg>\r\n\t\t<\/a>\n\t\t[\/vc_column_inner][\/vc_row_inner][\/vc_column][\/vc_row][\/vc_section]\n<\/div>","protected":false},"excerpt":{"rendered":"<p><!-- Google tag (gtag.js) --><\/p>\n<p><span style=\"font-weight: 400;\">2Dscanner \u00e8 un dispositivo per la misurazione di spazi interni. Ruota su un piano XY e misura l&#8217;angolo e la distanza. I punti estratti vengono elaborati automaticamente dall&#8217;applicazione smart in tempo reale.  <\/span><span style=\"font-weight: 400;\">tempo. Durante la scansione laser, l&#8217;utente ha il pieno controllo del dispositivo. Il risultato finale \u00e8 un file DXF modificabile da tutti i programmi CAD. Vengono esportati anche file CSV e TXT.  <\/span><\/p>\n[video width=\"960\" height=\"540\" mp4=\"https:\/\/2dscanner.com\/wp-content\/uploads\/2026\/02\/2Dscanner-laser-promo.mp4\"][\/video]\n<p>2Dscanner EVO pu\u00f2 essere montato su qualsiasi treppiede leggero per fotocamera con vite da 1\/4. Il nostro treppiede \u00e8 appositamente ottimizzato per il 2Dscanner, garantendo la massima stabilit\u00e0 durante l&#8217;uso.<br data-start=\"169\" data-end=\"172\">Il suo braccio centrale rotante consente scansioni verticali senza sforzo, senza che le gambe interferiscano con le tue misurazioni. <\/p>\n<p><span style=\"font-weight: 400;\">Il prezzo non include l&#8217;IVA. Se sei un professionista dell&#8217;UE la transazione \u00e8 esente da IVA. La spedizione \u00e8 gratuita in tutto il mondo. Se sei fuori dall&#8217;UE, contattaci via email.<br \/>\n<\/span><\/p>\n<p>-2 anni di garanzia<\/p>\n<p>-2 settimane di garanzia soddisfatti o rimborsati<\/p>\n<p>-Consegna in 2 giorni lavorativi con DHL Express. (Consegna entro 7 giorni se combinato con il treppiede.) <\/p>\n<p>-Il software Android, iOS e Windows \u00e8 incluso nel prezzo.<\/p>\n<p>-Paga una volta, scansiona per sempre. Non ci sono abbonamenti o costi aggiuntivi.<\/p>\n<p>&nbsp;<\/p>\n","protected":false},"featured_media":3066,"comment_status":"closed","ping_status":"closed","template":"","meta":[],"product_brand":[],"product_cat":[181],"product_tag":[],"class_list":{"0":"post-2677","1":"product","2":"type-product","3":"status-publish","4":"has-post-thumbnail","6":"product_cat-scanner-2d-it","8":"first","9":"instock","10":"taxable","11":"shipping-taxable","12":"purchasable","13":"product-type-simple"},"yoast_head":"<!-- This site is optimized with the Yoast SEO Premium plugin v25.9 (Yoast SEO v27.0) - https:\/\/yoast.com\/product\/yoast-seo-premium-wordpress\/ -->\n<title>2DScanner EVO - 2D Scanner<\/title>\n<meta name=\"description\" content=\"2D Scanner per Interni - lo strumento perfetto per architetti, ingegneri civili, geometri, falegnami e altri professionisti che necessitano di misure precise. Non perdere mai nulla. Paga una volta, scansiona per sempre.\" \/>\n<meta name=\"robots\" content=\"index, follow, max-snippet:-1, max-image-preview:large, max-video-preview:-1\" \/>\n<link rel=\"canonical\" href=\"https:\/\/2dscanner.com\/it\/prodotto\/2dscanner-evo\/\" \/>\n<meta property=\"og:locale\" content=\"it_IT\" \/>\n<meta property=\"og:type\" content=\"article\" \/>\n<meta property=\"og:title\" content=\"2DScanner EVO\" \/>\n<meta property=\"og:description\" content=\"2D Scanner per Interni - lo strumento perfetto per architetti, ingegneri civili, geometri, falegnami e altri professionisti che necessitano di misure precise. Non perdere mai nulla. Paga una volta, scansiona per sempre.\" \/>\n<meta property=\"og:url\" content=\"https:\/\/2dscanner.com\/it\/prodotto\/2dscanner-evo\/\" \/>\n<meta property=\"og:site_name\" content=\"2D Scanner\" \/>\n<meta property=\"article:publisher\" content=\"https:\/\/www.facebook.com\/2dscanner\/\" \/>\n<meta property=\"article:modified_time\" content=\"2026-03-31T08:49:20+00:00\" \/>\n<meta property=\"og:image\" content=\"https:\/\/2dscanner.com\/wp-content\/uploads\/2024\/06\/2D-Scanner-EVO-prod4_wht.png\" \/>\n\t<meta property=\"og:image:width\" content=\"2000\" \/>\n\t<meta property=\"og:image:height\" content=\"2000\" \/>\n\t<meta property=\"og:image:type\" content=\"image\/png\" \/>\n<meta name=\"twitter:card\" content=\"summary_large_image\" \/>\n<meta name=\"twitter:label1\" content=\"Tempo di lettura stimato\" \/>\n\t<meta name=\"twitter:data1\" content=\"2 minuti\" \/>\n<script type=\"application\/ld+json\" class=\"yoast-schema-graph\">{\"@context\":\"https:\/\/schema.org\",\"@graph\":[{\"@type\":\"WebPage\",\"@id\":\"https:\/\/2dscanner.com\/it\/prodotto\/2dscanner-evo\/\",\"url\":\"https:\/\/2dscanner.com\/it\/prodotto\/2dscanner-evo\/\",\"name\":\"2DScanner EVO - 2D Scanner\",\"isPartOf\":{\"@id\":\"https:\/\/2dscanner.com\/it\/#website\"},\"primaryImageOfPage\":{\"@id\":\"https:\/\/2dscanner.com\/it\/prodotto\/2dscanner-evo\/#primaryimage\"},\"image\":{\"@id\":\"https:\/\/2dscanner.com\/it\/prodotto\/2dscanner-evo\/#primaryimage\"},\"thumbnailUrl\":\"https:\/\/2dscanner.com\/wp-content\/uploads\/2024\/06\/2D-Scanner-EVO-prod4_wht.png\",\"datePublished\":\"2024-05-02T15:10:41+00:00\",\"dateModified\":\"2026-03-31T08:49:20+00:00\",\"description\":\"2D Scanner per Interni - lo strumento perfetto per architetti, ingegneri civili, geometri, falegnami e altri professionisti che necessitano di misure precise. Non perdere mai nulla. Paga una volta, scansiona per sempre.\",\"breadcrumb\":{\"@id\":\"https:\/\/2dscanner.com\/it\/prodotto\/2dscanner-evo\/#breadcrumb\"},\"inLanguage\":\"it-IT\",\"potentialAction\":[{\"@type\":\"ReadAction\",\"target\":[\"https:\/\/2dscanner.com\/it\/prodotto\/2dscanner-evo\/\"]}]},{\"@type\":\"ImageObject\",\"inLanguage\":\"it-IT\",\"@id\":\"https:\/\/2dscanner.com\/it\/prodotto\/2dscanner-evo\/#primaryimage\",\"url\":\"https:\/\/2dscanner.com\/wp-content\/uploads\/2024\/06\/2D-Scanner-EVO-prod4_wht.png\",\"contentUrl\":\"https:\/\/2dscanner.com\/wp-content\/uploads\/2024\/06\/2D-Scanner-EVO-prod4_wht.png\",\"width\":2000,\"height\":2000,\"caption\":\"Laser 2Dscanner EVO\"},{\"@type\":\"BreadcrumbList\",\"@id\":\"https:\/\/2dscanner.com\/it\/prodotto\/2dscanner-evo\/#breadcrumb\",\"itemListElement\":[{\"@type\":\"ListItem\",\"position\":1,\"name\":\"Home\",\"item\":\"https:\/\/2dscanner.com\/it\/\"},{\"@type\":\"ListItem\",\"position\":2,\"name\":\"Negozio\",\"item\":\"https:\/\/2dscanner.com\/it\/negozio\/\"},{\"@type\":\"ListItem\",\"position\":3,\"name\":\"2DScanner EVO\"}]},{\"@type\":\"WebSite\",\"@id\":\"https:\/\/2dscanner.com\/it\/#website\",\"url\":\"https:\/\/2dscanner.com\/it\/\",\"name\":\"2D Scanner\",\"description\":\"Misure 2D rapidissime e precise\",\"publisher\":{\"@id\":\"https:\/\/2dscanner.com\/it\/#organization\"},\"potentialAction\":[{\"@type\":\"SearchAction\",\"target\":{\"@type\":\"EntryPoint\",\"urlTemplate\":\"https:\/\/2dscanner.com\/it\/?s={search_term_string}\"},\"query-input\":{\"@type\":\"PropertyValueSpecification\",\"valueRequired\":true,\"valueName\":\"search_term_string\"}}],\"inLanguage\":\"it-IT\"},{\"@type\":\"Organization\",\"@id\":\"https:\/\/2dscanner.com\/it\/#organization\",\"name\":\"2D Scanner\",\"url\":\"https:\/\/2dscanner.com\/it\/\",\"logo\":{\"@type\":\"ImageObject\",\"inLanguage\":\"it-IT\",\"@id\":\"https:\/\/2dscanner.com\/it\/#\/schema\/logo\/image\/\",\"url\":\"https:\/\/2dscanner.com\/wp-content\/uploads\/2020\/06\/2DS-logo-blk.png\",\"contentUrl\":\"https:\/\/2dscanner.com\/wp-content\/uploads\/2020\/06\/2DS-logo-blk.png\",\"width\":248,\"height\":69,\"caption\":\"2D Scanner\"},\"image\":{\"@id\":\"https:\/\/2dscanner.com\/it\/#\/schema\/logo\/image\/\"},\"sameAs\":[\"https:\/\/www.facebook.com\/2dscanner\/\",\"https:\/\/www.linkedin.com\/company\/2dscanner\/\",\"https:\/\/www.tiktok.com\/@2d_scanner\",\"https:\/\/www.instagram.com\/2dscanner\/\"]}]}<\/script>\n<!-- \/ Yoast SEO Premium plugin. -->","yoast_head_json":{"title":"2DScanner EVO - 2D Scanner","description":"2D Scanner per Interni - lo strumento perfetto per architetti, ingegneri civili, geometri, falegnami e altri professionisti che necessitano di misure precise. Non perdere mai nulla. Paga una volta, scansiona per sempre.","robots":{"index":"index","follow":"follow","max-snippet":"max-snippet:-1","max-image-preview":"max-image-preview:large","max-video-preview":"max-video-preview:-1"},"canonical":"https:\/\/2dscanner.com\/it\/prodotto\/2dscanner-evo\/","og_locale":"it_IT","og_type":"article","og_title":"2DScanner EVO","og_description":"2D Scanner per Interni - lo strumento perfetto per architetti, ingegneri civili, geometri, falegnami e altri professionisti che necessitano di misure precise. Non perdere mai nulla. Paga una volta, scansiona per sempre.","og_url":"https:\/\/2dscanner.com\/it\/prodotto\/2dscanner-evo\/","og_site_name":"2D Scanner","article_publisher":"https:\/\/www.facebook.com\/2dscanner\/","article_modified_time":"2026-03-31T08:49:20+00:00","og_image":[{"width":2000,"height":2000,"url":"https:\/\/2dscanner.com\/wp-content\/uploads\/2024\/06\/2D-Scanner-EVO-prod4_wht.png","type":"image\/png"}],"twitter_card":"summary_large_image","twitter_misc":{"Tempo di lettura stimato":"2 minuti"},"schema":{"@context":"https:\/\/schema.org","@graph":[{"@type":"WebPage","@id":"https:\/\/2dscanner.com\/it\/prodotto\/2dscanner-evo\/","url":"https:\/\/2dscanner.com\/it\/prodotto\/2dscanner-evo\/","name":"2DScanner EVO - 2D Scanner","isPartOf":{"@id":"https:\/\/2dscanner.com\/it\/#website"},"primaryImageOfPage":{"@id":"https:\/\/2dscanner.com\/it\/prodotto\/2dscanner-evo\/#primaryimage"},"image":{"@id":"https:\/\/2dscanner.com\/it\/prodotto\/2dscanner-evo\/#primaryimage"},"thumbnailUrl":"https:\/\/2dscanner.com\/wp-content\/uploads\/2024\/06\/2D-Scanner-EVO-prod4_wht.png","datePublished":"2024-05-02T15:10:41+00:00","dateModified":"2026-03-31T08:49:20+00:00","description":"2D Scanner per Interni - lo strumento perfetto per architetti, ingegneri civili, geometri, falegnami e altri professionisti che necessitano di misure precise. Non perdere mai nulla. Paga una volta, scansiona per sempre.","breadcrumb":{"@id":"https:\/\/2dscanner.com\/it\/prodotto\/2dscanner-evo\/#breadcrumb"},"inLanguage":"it-IT","potentialAction":[{"@type":"ReadAction","target":["https:\/\/2dscanner.com\/it\/prodotto\/2dscanner-evo\/"]}]},{"@type":"ImageObject","inLanguage":"it-IT","@id":"https:\/\/2dscanner.com\/it\/prodotto\/2dscanner-evo\/#primaryimage","url":"https:\/\/2dscanner.com\/wp-content\/uploads\/2024\/06\/2D-Scanner-EVO-prod4_wht.png","contentUrl":"https:\/\/2dscanner.com\/wp-content\/uploads\/2024\/06\/2D-Scanner-EVO-prod4_wht.png","width":2000,"height":2000,"caption":"Laser 2Dscanner EVO"},{"@type":"BreadcrumbList","@id":"https:\/\/2dscanner.com\/it\/prodotto\/2dscanner-evo\/#breadcrumb","itemListElement":[{"@type":"ListItem","position":1,"name":"Home","item":"https:\/\/2dscanner.com\/it\/"},{"@type":"ListItem","position":2,"name":"Negozio","item":"https:\/\/2dscanner.com\/it\/negozio\/"},{"@type":"ListItem","position":3,"name":"2DScanner EVO"}]},{"@type":"WebSite","@id":"https:\/\/2dscanner.com\/it\/#website","url":"https:\/\/2dscanner.com\/it\/","name":"2D Scanner","description":"Misure 2D rapidissime e precise","publisher":{"@id":"https:\/\/2dscanner.com\/it\/#organization"},"potentialAction":[{"@type":"SearchAction","target":{"@type":"EntryPoint","urlTemplate":"https:\/\/2dscanner.com\/it\/?s={search_term_string}"},"query-input":{"@type":"PropertyValueSpecification","valueRequired":true,"valueName":"search_term_string"}}],"inLanguage":"it-IT"},{"@type":"Organization","@id":"https:\/\/2dscanner.com\/it\/#organization","name":"2D Scanner","url":"https:\/\/2dscanner.com\/it\/","logo":{"@type":"ImageObject","inLanguage":"it-IT","@id":"https:\/\/2dscanner.com\/it\/#\/schema\/logo\/image\/","url":"https:\/\/2dscanner.com\/wp-content\/uploads\/2020\/06\/2DS-logo-blk.png","contentUrl":"https:\/\/2dscanner.com\/wp-content\/uploads\/2020\/06\/2DS-logo-blk.png","width":248,"height":69,"caption":"2D Scanner"},"image":{"@id":"https:\/\/2dscanner.com\/it\/#\/schema\/logo\/image\/"},"sameAs":["https:\/\/www.facebook.com\/2dscanner\/","https:\/\/www.linkedin.com\/company\/2dscanner\/","https:\/\/www.tiktok.com\/@2d_scanner","https:\/\/www.instagram.com\/2dscanner\/"]}]}},"_links":{"self":[{"href":"https:\/\/2dscanner.com\/it\/wp-json\/wp\/v2\/product\/2677","targetHints":{"allow":["GET"]}}],"collection":[{"href":"https:\/\/2dscanner.com\/it\/wp-json\/wp\/v2\/product"}],"about":[{"href":"https:\/\/2dscanner.com\/it\/wp-json\/wp\/v2\/types\/product"}],"replies":[{"embeddable":true,"href":"https:\/\/2dscanner.com\/it\/wp-json\/wp\/v2\/comments?post=2677"}],"wp:featuredmedia":[{"embeddable":true,"href":"https:\/\/2dscanner.com\/it\/wp-json\/wp\/v2\/media\/3066"}],"wp:attachment":[{"href":"https:\/\/2dscanner.com\/it\/wp-json\/wp\/v2\/media?parent=2677"}],"wp:term":[{"taxonomy":"product_brand","embeddable":true,"href":"https:\/\/2dscanner.com\/it\/wp-json\/wp\/v2\/product_brand?post=2677"},{"taxonomy":"product_cat","embeddable":true,"href":"https:\/\/2dscanner.com\/it\/wp-json\/wp\/v2\/product_cat?post=2677"},{"taxonomy":"product_tag","embeddable":true,"href":"https:\/\/2dscanner.com\/it\/wp-json\/wp\/v2\/product_tag?post=2677"}],"curies":[{"name":"wp","href":"https:\/\/api.w.org\/{rel}","templated":true}]}}